{"id":1872,"date":"2026-01-20T22:41:19","date_gmt":"2026-01-20T22:41:19","guid":{"rendered":"https:\/\/paolarua.com\/?page_id=1872"},"modified":"2026-01-21T22:34:28","modified_gmt":"2026-01-21T22:34:28","slug":"territorio","status":"publish","type":"page","link":"https:\/\/paolarua.com\/index.php\/territorio\/","title":{"rendered":"Territorio"},"content":{"rendered":"\t\t<div data-elementor-type=\"wp-page\" data-elementor-id=\"1872\" class=\"elementor elementor-1872\">\n\t\t\t\t\t\t<section class=\"elementor-section elementor-top-section elementor-element elementor-element-d65527f elementor-section-height-min-height elementor-section-boxed elementor-section-height-default elementor-section-items-middle\" data-id=\"d65527f\" data-element_type=\"section\" data-settings=\"{&quot;background_background&quot;:&quot;video&quot;,&quot;background_video_link&quot;:&quot;https:\\\/\\\/www.youtube.com\\\/watch?v=QREOhC-78dQ&quot;,&quot;background_play_on_mobile&quot;:&quot;yes&quot;}\">\n\t\t\t\t\t\t\t\t<div class=\"elementor-background-video-container\">\n\t\t\t\t\t\t\t\t\t\t\t\t\t<div class=\"elementor-background-video-embed\"><\/div>\n\t\t\t\t\t\t\t\t\t\t\t\t<\/div>\n\t\t\t\t\t\t\t\t<div class=\"elementor-container elementor-column-gap-default\">\n\t\t\t\t\t<div class=\"elementor-column elementor-col-100 elementor-top-column elementor-element elementor-element-3b9c9fb\" data-id=\"3b9c9fb\" data-element_type=\"column\">\n\t\t\t<div class=\"elementor-widget-wrap elementor-element-populated\">\n\t\t\t\t\t\t\t<\/div>\n\t\t<\/div>\n\t\t\t\t\t<\/div>\n\t\t<\/section>\n\t\t\t\t<section class=\"elementor-section elementor-top-section elementor-element elementor-element-db18433 elementor-section-boxed elementor-section-height-default elementor-section-height-default\" data-id=\"db18433\" data-element_type=\"section\">\n\t\t\t\t\t\t<div class=\"elementor-container elementor-column-gap-default\">\n\t\t\t\t\t<div class=\"elementor-column elementor-col-100 elementor-top-column elementor-element elementor-element-0758ca9\" data-id=\"0758ca9\" data-element_type=\"column\">\n\t\t\t<div class=\"elementor-widget-wrap\">\n\t\t\t\t\t\t\t<\/div>\n\t\t<\/div>\n\t\t\t\t\t<\/div>\n\t\t<\/section>\n\t\t\t\t<section class=\"elementor-section elementor-top-section elementor-element elementor-element-b0880d6 elementor-section-boxed elementor-section-height-default elementor-section-height-default\" data-id=\"b0880d6\" data-element_type=\"section\">\n\t\t\t\t\t\t<div class=\"elementor-container elementor-column-gap-default\">\n\t\t\t\t\t<div class=\"elementor-column elementor-col-100 elementor-top-column elementor-element elementor-element-2ae1e1a\" data-id=\"2ae1e1a\" data-element_type=\"column\">\n\t\t\t<div class=\"elementor-widget-wrap elementor-element-populated\">\n\t\t\t\t\t\t<div class=\"elementor-element elementor-element-77f73fd elementor-widget elementor-widget-text-editor\" data-id=\"77f73fd\" data-element_type=\"widget\" data-widget_type=\"text-editor.default\">\n\t\t\t\t<div class=\"elementor-widget-container\">\n\t\t\t\t\t\t\t\t\t<p data-start=\"505\" data-end=\"938\">Desarrollo mi trabajo desde el caminar como una pr\u00e1ctica cotidiana, pero atenta. Camino sin separar la vida de la est\u00e9tica ni la observaci\u00f3n del m\u00e9todo. En el recorrido se entrelazan la experiencia, la imagen y la informaci\u00f3n que habita el espacio p\u00fablico. El territorio no lo entiendo solo como un lugar f\u00edsico, sino como un entramado de relaciones, gestos, econom\u00edas, memorias y formas de habitar que se revelan mientras se camina.<\/p>\n<p data-start=\"505\" data-end=\"938\">\n<\/p><p data-start=\"940\" data-end=\"1536\">Desde 2017, el caminar se convirti\u00f3 en una herramienta central de mi pr\u00e1ctica art\u00edstica. A trav\u00e9s de recorridos prolongados por distintos sectores de la ciudad, observo, registro, me relaciono con el otro y recojo fragmentos de lo que ocurre en la calle: encuentros, objetos, arquitecturas, transformaciones y tensiones propias del espacio urbano. Este proceso se sostiene en la observaci\u00f3n directa, la escucha y el registro constante en cuadernos, fotograf\u00eda y archivo audiovisual, pero tambi\u00e9n en los afectos que se construyen con las personas y los lugares que hacen parte de estos recorridos.<\/p>\n<p data-start=\"940\" data-end=\"1536\">\n<\/p><p data-start=\"1538\" data-end=\"1989\">Entiendo el territorio como un espacio organico, con vida y cambiante. Me interesa c\u00f3mo las din\u00e1micas sociales, econ\u00f3micas y culturales se inscriben en los cuerpos, en los objetos y en las arquitecturas, y c\u00f3mo esas marcas van construyendo memoria. Cada salida deja algo: vivencias, im\u00e1genes, dudas, preguntas que no se cierran del todo. El archivo, m\u00e1s que un registro fijo, funciona como un dispositivo en expansi\u00f3n donde se articulan obra, proceso y pensamiento.<\/p>\n<p data-start=\"1538\" data-end=\"1989\">\n<\/p><p data-start=\"1991\" data-end=\"2251\">Este enfoque atraviesa tanto mi trabajo pict\u00f3rico como mis proyectos de investigaci\u00f3n\u2013creaci\u00f3n y pedagog\u00eda, donde el caminar, el registro y la observaci\u00f3n se activan como herramientas para producir conocimiento situado y una lectura cr\u00edtica del entorno urbano.<\/p>\t\t\t\t\t\t\t\t<\/div>\n\t\t\t\t<\/div>\n\t\t\t\t\t<\/div>\n\t\t<\/div>\n\t\t\t\t\t<\/div>\n\t\t<\/section>\n\t\t\t\t<\/div>\n\t\t","protected":false},"excerpt":{"rendered":"<p>Desarrollo mi trabajo desde el caminar como una pr\u00e1ctica cotidiana, pero atenta. Camino sin separar la vida de la est\u00e9tica ni la observaci\u00f3n del m\u00e9todo. En el recorrido se entrelazan la experiencia, la imagen y la informaci\u00f3n que habita el espacio p\u00fablico. El territorio no lo entiendo solo como un lugar f\u00edsico, sino como un [&hellip;]<\/p>\n","protected":false},"author":1,"featured_media":0,"parent":0,"menu_order":0,"comment_status":"closed","ping_status":"closed","template":"","meta":{"om_disable_all_campaigns":false,"_monsterinsights_skip_tracking":false,"_monsterinsights_sitenote_active":false,"_monsterinsights_sitenote_note":"","_monsterinsights_sitenote_category":0,"site-sidebar-layout":"no-sidebar","site-content-layout":"page-builder","ast-site-content-layout":"full-width-container","site-content-style":"default","site-sidebar-style":"default","ast-global-header-display":"","ast-banner-title-visibility":"","ast-main-header-display":"","ast-hfb-above-header-display":"","ast-hfb-below-header-display":"","ast-hfb-mobile-header-display":"","site-post-title":"disabled","ast-breadcrumbs-content":"","ast-featured-img":"disabled","footer-sml-layout":"","theme-transparent-header-meta":"","adv-header-id-meta":"","stick-header-meta":"","header-above-stick-meta":"","header-main-stick-meta":"","header-below-stick-meta":"","astra-migrate-meta-layouts":"set","ast-page-background-enabled":"default","ast-page-background-meta":{"desktop":{"background-color":"var(--ast-global-color-4)","background-image":"","background-repeat":"repeat","background-position":"center center","background-size":"auto","background-attachment":"scroll","background-type":"","background-media":"","overlay-type":"","overlay-color":"","overlay-opacity":"","overlay-gradient":""},"tablet":{"background-color":"","background-image":"","background-repeat":"repeat","background-position":"center center","background-size":"auto","background-attachment":"scroll","background-type":"","background-media":"","overlay-type":"","overlay-color":"","overlay-opacity":"","overlay-gradient":""},"mobile":{"background-color":"","background-image":"","background-repeat":"repeat","background-position":"center center","background-size":"auto","background-attachment":"scroll","background-type":"","background-media":"","overlay-type":"","overlay-color":"","overlay-opacity":"","overlay-gradient":""}},"ast-content-background-meta":{"desktop":{"background-color":"var(--ast-global-color-5)","background-image":"","background-repeat":"repeat","background-position":"center center","background-size":"auto","background-attachment":"scroll","background-type":"","background-media":"","overlay-type":"","overlay-color":"","overlay-opacity":"","overlay-gradient":""},"tablet":{"background-color":"var(--ast-global-color-5)","background-image":"","background-repeat":"repeat","background-position":"center center","background-size":"auto","background-attachment":"scroll","background-type":"","background-media":"","overlay-type":"","overlay-color":"","overlay-opacity":"","overlay-gradient":""},"mobile":{"background-color":"var(--ast-global-color-5)","background-image":"","background-repeat":"repeat","background-position":"center center","background-size":"auto","background-attachment":"scroll","background-type":"","background-media":"","overlay-type":"","overlay-color":"","overlay-opacity":"","overlay-gradient":""}},"footnotes":""},"class_list":["post-1872","page","type-page","status-publish","hentry"],"aioseo_notices":[],"_links":{"self":[{"href":"https:\/\/paolarua.com\/index.php\/wp-json\/wp\/v2\/pages\/1872","targetHints":{"allow":["GET"]}}],"collection":[{"href":"https:\/\/paolarua.com\/index.php\/wp-json\/wp\/v2\/pages"}],"about":[{"href":"https:\/\/paolarua.com\/index.php\/wp-json\/wp\/v2\/types\/page"}],"author":[{"embeddable":true,"href":"https:\/\/paolarua.com\/index.php\/wp-json\/wp\/v2\/users\/1"}],"replies":[{"embeddable":true,"href":"https:\/\/paolarua.com\/index.php\/wp-json\/wp\/v2\/comments?post=1872"}],"version-history":[{"count":17,"href":"https:\/\/paolarua.com\/index.php\/wp-json\/wp\/v2\/pages\/1872\/revisions"}],"predecessor-version":[{"id":1935,"href":"https:\/\/paolarua.com\/index.php\/wp-json\/wp\/v2\/pages\/1872\/revisions\/1935"}],"wp:attachment":[{"href":"https:\/\/paolarua.com\/index.php\/wp-json\/wp\/v2\/media?parent=1872"}],"curies":[{"name":"wp","href":"https:\/\/api.w.org\/{rel}","templated":true}]}}