{"id":2146,"date":"2026-01-27T03:11:45","date_gmt":"2026-01-27T03:11:45","guid":{"rendered":"https:\/\/paolarua.com\/?page_id=2146"},"modified":"2026-02-20T01:26:48","modified_gmt":"2026-02-20T01:26:48","slug":"el-cambalache-proyectos","status":"publish","type":"page","link":"https:\/\/paolarua.com\/index.php\/el-cambalache-proyectos\/","title":{"rendered":"El Cambalache &#8211; proyectos"},"content":{"rendered":"\t\t<div data-elementor-type=\"wp-page\" data-elementor-id=\"2146\" class=\"elementor elementor-2146\">\n\t\t\t\t\t\t<section class=\"elementor-section elementor-top-section elementor-element elementor-element-89dbb9b elementor-section-height-min-height elementor-section-full_width elementor-section-height-default elementor-section-items-middle\" data-id=\"89dbb9b\" data-element_type=\"section\" data-settings=\"{&quot;background_background&quot;:&quot;classic&quot;}\">\n\t\t\t\t\t\t<div class=\"elementor-container elementor-column-gap-no\">\n\t\t\t\t\t<div class=\"elementor-column elementor-col-100 elementor-top-column elementor-element elementor-element-e7eb58d\" data-id=\"e7eb58d\" data-element_type=\"column\">\n\t\t\t<div class=\"elementor-widget-wrap elementor-element-populated\">\n\t\t\t\t\t\t<div class=\"elementor-element elementor-element-4f78b04 elementor-widget elementor-widget-heading\" data-id=\"4f78b04\" data-element_type=\"widget\" data-widget_type=\"heading.default\">\n\t\t\t\t<div class=\"elementor-widget-container\">\n\t\t\t\t\t<h2 class=\"elementor-heading-title elementor-size-default\">El Cambalache<\/h2>\t\t\t\t<\/div>\n\t\t\t\t<\/div>\n\t\t\t\t<div class=\"elementor-element elementor-element-3f86359 elementor-align-center elementor-widget elementor-widget-button\" data-id=\"3f86359\" data-element_type=\"widget\" data-widget_type=\"button.default\">\n\t\t\t\t<div class=\"elementor-widget-container\">\n\t\t\t\t\t\t\t\t\t<div class=\"elementor-button-wrapper\">\n\t\t\t\t\t<a class=\"elementor-button elementor-button-link elementor-size-sm\" href=\"https:\/\/drive.google.com\/file\/d\/12Av00VOLiDpwLqVDaxJmpVKHfTerblJv\/view\">\n\t\t\t\t\t\t<span class=\"elementor-button-content-wrapper\">\n\t\t\t\t\t\t\t\t\t<span class=\"elementor-button-text\">El Cambalache - Leer PDF \"completo\"<\/span>\n\t\t\t\t\t<\/span>\n\t\t\t\t\t<\/a>\n\t\t\t\t<\/div>\n\t\t\t\t\t\t\t\t<\/div>\n\t\t\t\t<\/div>\n\t\t\t\t\t<\/div>\n\t\t<\/div>\n\t\t\t\t\t<\/div>\n\t\t<\/section>\n\t\t\t\t<section class=\"elementor-section elementor-top-section elementor-element elementor-element-aebb837 elementor-section-boxed elementor-section-height-default elementor-section-height-default\" data-id=\"aebb837\" data-element_type=\"section\">\n\t\t\t\t\t\t<div class=\"elementor-container elementor-column-gap-default\">\n\t\t\t\t\t<div class=\"elementor-column elementor-col-100 elementor-top-column elementor-element elementor-element-bb5aad1\" data-id=\"bb5aad1\" data-element_type=\"column\">\n\t\t\t<div class=\"elementor-widget-wrap elementor-element-populated\">\n\t\t\t\t\t\t<div class=\"elementor-element elementor-element-6de8eed elementor-widget elementor-widget-text-editor\" data-id=\"6de8eed\" data-element_type=\"widget\" data-widget_type=\"text-editor.default\">\n\t\t\t\t<div class=\"elementor-widget-container\">\n\t\t\t\t\t\t\t\t\t<p><em>El Cambalache<\/em> es un proyecto que est\u00e1 vinvulado a mi pr\u00e1ctica art\u00edstica que articula escritura, imagen y pintura desde la experiencia urbana, la memoria, las emociones, el cuerpo y los procesos de investigaci\u00f3n\u2013creaci\u00f3n. Se configura como un espacio de pensamiento situado donde la escritura act\u00faa como parte del proceso.<\/p><p>El proyecto se desarrolla como un sistema abierto y flexible que permite registrar, tensionar y reorganizar ideas, escenas, derivas y reflexiones que emergen del hacer cotidiano a lo largo del tiempo. La experiencia vivida, lo emocional y lo sensible atraviesan el documento como capas que se acumulan y dialogan entre s\u00ed.<\/p>\t\t\t\t\t\t\t\t<\/div>\n\t\t\t\t<\/div>\n\t\t\t\t\t<\/div>\n\t\t<\/div>\n\t\t\t\t\t<\/div>\n\t\t<\/section>\n\t\t\t\t<section class=\"elementor-section elementor-top-section elementor-element elementor-element-35e9041 elementor-section-boxed elementor-section-height-default elementor-section-height-default\" data-id=\"35e9041\" data-element_type=\"section\">\n\t\t\t\t\t\t<div class=\"elementor-container elementor-column-gap-default\">\n\t\t\t\t\t<div class=\"elementor-column elementor-col-100 elementor-top-column elementor-element elementor-element-5805024\" data-id=\"5805024\" data-element_type=\"column\">\n\t\t\t<div class=\"elementor-widget-wrap elementor-element-populated\">\n\t\t\t\t\t\t<div class=\"elementor-element elementor-element-2a08368 elementor-widget elementor-widget-text-editor\" data-id=\"2a08368\" data-element_type=\"widget\" data-widget_type=\"text-editor.default\">\n\t\t\t\t<div class=\"elementor-widget-container\">\n\t\t\t\t\t\t\t\t\t<p>Relaci\u00f3n con Relatos de Segunda Mano<b><\/b><\/p>\t\t\t\t\t\t\t\t<\/div>\n\t\t\t\t<\/div>\n\t\t\t\t\t<\/div>\n\t\t<\/div>\n\t\t\t\t\t<\/div>\n\t\t<\/section>\n\t\t\t\t<section class=\"elementor-section elementor-top-section elementor-element elementor-element-65b41f6 elementor-section-boxed elementor-section-height-default elementor-section-height-default\" data-id=\"65b41f6\" data-element_type=\"section\">\n\t\t\t\t\t\t<div class=\"elementor-container elementor-column-gap-default\">\n\t\t\t\t\t<div class=\"elementor-column elementor-col-100 elementor-top-column elementor-element elementor-element-c24076b\" data-id=\"c24076b\" data-element_type=\"column\">\n\t\t\t<div class=\"elementor-widget-wrap elementor-element-populated\">\n\t\t\t\t\t\t<div class=\"elementor-element elementor-element-62dd558 elementor-widget elementor-widget-text-editor\" data-id=\"62dd558\" data-element_type=\"widget\" data-widget_type=\"text-editor.default\">\n\t\t\t\t<div class=\"elementor-widget-container\">\n\t\t\t\t\t\t\t\t\t<p class=\"MsoNormal\"><i>El Cambalache<\/i> dialoga directamente con el proyecto <i>Relatos de Segunda Mano<\/i>, ampliando su campo de acci\u00f3n hacia lo editorial. As\u00ed como en <i>Relatos de Segunda Mano<\/i> los objetos usados activan memorias, econom\u00edas y narrativas urbanas, en <i>El Cambalache<\/i> los textos, im\u00e1genes, pensamientos, emociones y experiencias circulan como materiales reutilizados, recontextualizados y resignificados.<\/p><p class=\"MsoNormal\">Ambos proyectos comparten una mirada cr\u00edtica sobre la circulaci\u00f3n, el desgaste, el consumo y la memoria, entendiendo la ciudad como un espacio de intercambio constante donde cuerpo y territorio se afectan mutuamente.<\/p>\t\t\t\t\t\t\t\t<\/div>\n\t\t\t\t<\/div>\n\t\t\t\t\t<\/div>\n\t\t<\/div>\n\t\t\t\t\t<\/div>\n\t\t<\/section>\n\t\t\t\t<section class=\"elementor-section elementor-top-section elementor-element elementor-element-31d1814 elementor-section-boxed elementor-section-height-default elementor-section-height-default\" data-id=\"31d1814\" data-element_type=\"section\">\n\t\t\t\t\t\t<div class=\"elementor-container elementor-column-gap-default\">\n\t\t\t\t\t<div class=\"elementor-column elementor-col-100 elementor-top-column elementor-element elementor-element-9fbebcb\" data-id=\"9fbebcb\" data-element_type=\"column\">\n\t\t\t<div class=\"elementor-widget-wrap elementor-element-populated\">\n\t\t\t\t\t\t<div class=\"elementor-element elementor-element-07a8475 elementor-widget elementor-widget-text-editor\" data-id=\"07a8475\" data-element_type=\"widget\" data-widget_type=\"text-editor.default\">\n\t\t\t\t<div class=\"elementor-widget-container\">\n\t\t\t\t\t\t\t\t\t<p>Contexto de investigaci\u00f3n y pr\u00e1ctica<b><\/b><\/p>\t\t\t\t\t\t\t\t<\/div>\n\t\t\t\t<\/div>\n\t\t\t\t\t<\/div>\n\t\t<\/div>\n\t\t\t\t\t<\/div>\n\t\t<\/section>\n\t\t\t\t<section class=\"elementor-section elementor-top-section elementor-element elementor-element-9800cc7 elementor-section-boxed elementor-section-height-default elementor-section-height-default\" data-id=\"9800cc7\" data-element_type=\"section\">\n\t\t\t\t\t\t<div class=\"elementor-container elementor-column-gap-default\">\n\t\t\t\t\t<div class=\"elementor-column elementor-col-100 elementor-top-column elementor-element elementor-element-e1d0d5b\" data-id=\"e1d0d5b\" data-element_type=\"column\">\n\t\t\t<div class=\"elementor-widget-wrap elementor-element-populated\">\n\t\t\t\t\t\t<div class=\"elementor-element elementor-element-a3ace5b elementor-widget elementor-widget-text-editor\" data-id=\"a3ace5b\" data-element_type=\"widget\" data-widget_type=\"text-editor.default\">\n\t\t\t\t<div class=\"elementor-widget-container\">\n\t\t\t\t\t\t\t\t\t<p class=\"MsoNormal\"><i>El Cambalache<\/i> dialoga directamente con el proyecto <i>Relatos de Segunda Mano<\/i>, ampliando su campo de acci\u00f3n hacia lo editorial. As\u00ed como en <i>Relatos de Segunda Mano<\/i> los objetos usados activan memorias, econom\u00edas y narrativas urbanas, en <i>El Cambalache<\/i> los textos, im\u00e1genes, pensamientos, emociones y experiencias circulan como materiales reutilizados, recontextualizados y resignificados.<\/p><p class=\"MsoNormal\">Ambos proyectos comparten una mirada cr\u00edtica sobre la circulaci\u00f3n, el desgaste, el consumo y la memoria, entendiendo la ciudad como un espacio de intercambio constante donde cuerpo y territorio se afectan mutuamente.<\/p>\t\t\t\t\t\t\t\t<\/div>\n\t\t\t\t<\/div>\n\t\t\t\t\t<\/div>\n\t\t<\/div>\n\t\t\t\t\t<\/div>\n\t\t<\/section>\n\t\t\t\t<\/div>\n\t\t","protected":false},"excerpt":{"rendered":"<p>El Cambalache El Cambalache &#8211; Leer PDF &#8220;completo&#8221; El Cambalache es un proyecto que est\u00e1 vinvulado a mi pr\u00e1ctica art\u00edstica que articula escritura, imagen y pintura desde la experiencia urbana, la memoria, las emociones, el cuerpo y los procesos de investigaci\u00f3n\u2013creaci\u00f3n. Se configura como un espacio de pensamiento situado donde la escritura act\u00faa como parte [&hellip;]<\/p>\n","protected":false},"author":1,"featured_media":0,"parent":0,"menu_order":0,"comment_status":"closed","ping_status":"closed","template":"","meta":{"om_disable_all_campaigns":false,"_monsterinsights_skip_tracking":false,"_monsterinsights_sitenote_active":false,"_monsterinsights_sitenote_note":"","_monsterinsights_sitenote_category":0,"site-sidebar-layout":"no-sidebar","site-content-layout":"page-builder","ast-site-content-layout":"full-width-container","site-content-style":"default","site-sidebar-style":"default","ast-global-header-display":"","ast-banner-title-visibility":"","ast-main-header-display":"","ast-hfb-above-header-display":"","ast-hfb-below-header-display":"","ast-hfb-mobile-header-display":"","site-post-title":"disabled","ast-breadcrumbs-content":"","ast-featured-img":"disabled","footer-sml-layout":"","theme-transparent-header-meta":"","adv-header-id-meta":"","stick-header-meta":"","header-above-stick-meta":"","header-main-stick-meta":"","header-below-stick-meta":"","astra-migrate-meta-layouts":"set","ast-page-background-enabled":"default","ast-page-background-meta":{"desktop":{"background-color":"var(--ast-global-color-4)","background-image":"","background-repeat":"repeat","background-position":"center center","background-size":"auto","background-attachment":"scroll","background-type":"","background-media":"","overlay-type":"","overlay-color":"","overlay-opacity":"","overlay-gradient":""},"tablet":{"background-color":"","background-image":"","background-repeat":"repeat","background-position":"center center","background-size":"auto","background-attachment":"scroll","background-type":"","background-media":"","overlay-type":"","overlay-color":"","overlay-opacity":"","overlay-gradient":""},"mobile":{"background-color":"","background-image":"","background-repeat":"repeat","background-position":"center center","background-size":"auto","background-attachment":"scroll","background-type":"","background-media":"","overlay-type":"","overlay-color":"","overlay-opacity":"","overlay-gradient":""}},"ast-content-background-meta":{"desktop":{"background-color":"var(--ast-global-color-5)","background-image":"","background-repeat":"repeat","background-position":"center center","background-size":"auto","background-attachment":"scroll","background-type":"","background-media":"","overlay-type":"","overlay-color":"","overlay-opacity":"","overlay-gradient":""},"tablet":{"background-color":"var(--ast-global-color-5)","background-image":"","background-repeat":"repeat","background-position":"center center","background-size":"auto","background-attachment":"scroll","background-type":"","background-media":"","overlay-type":"","overlay-color":"","overlay-opacity":"","overlay-gradient":""},"mobile":{"background-color":"var(--ast-global-color-5)","background-image":"","background-repeat":"repeat","background-position":"center center","background-size":"auto","background-attachment":"scroll","background-type":"","background-media":"","overlay-type":"","overlay-color":"","overlay-opacity":"","overlay-gradient":""}},"footnotes":""},"class_list":["post-2146","page","type-page","status-publish","hentry"],"aioseo_notices":[],"_links":{"self":[{"href":"https:\/\/paolarua.com\/index.php\/wp-json\/wp\/v2\/pages\/2146","targetHints":{"allow":["GET"]}}],"collection":[{"href":"https:\/\/paolarua.com\/index.php\/wp-json\/wp\/v2\/pages"}],"about":[{"href":"https:\/\/paolarua.com\/index.php\/wp-json\/wp\/v2\/types\/page"}],"author":[{"embeddable":true,"href":"https:\/\/paolarua.com\/index.php\/wp-json\/wp\/v2\/users\/1"}],"replies":[{"embeddable":true,"href":"https:\/\/paolarua.com\/index.php\/wp-json\/wp\/v2\/comments?post=2146"}],"version-history":[{"count":28,"href":"https:\/\/paolarua.com\/index.php\/wp-json\/wp\/v2\/pages\/2146\/revisions"}],"predecessor-version":[{"id":2421,"href":"https:\/\/paolarua.com\/index.php\/wp-json\/wp\/v2\/pages\/2146\/revisions\/2421"}],"wp:attachment":[{"href":"https:\/\/paolarua.com\/index.php\/wp-json\/wp\/v2\/media?parent=2146"}],"curies":[{"name":"wp","href":"https:\/\/api.w.org\/{rel}","templated":true}]}}