{"id":28,"date":"2022-12-27T16:49:23","date_gmt":"2022-12-27T16:49:23","guid":{"rendered":"https:\/\/paolarua.com\/?page_id=28"},"modified":"2025-12-12T14:35:55","modified_gmt":"2025-12-12T14:35:55","slug":"fachadas","status":"publish","type":"page","link":"https:\/\/paolarua.com\/index.php\/fachadas\/","title":{"rendered":"Fachadas"},"content":{"rendered":"\t\t<div data-elementor-type=\"wp-page\" data-elementor-id=\"28\" class=\"elementor elementor-28\">\n\t\t\t\t\t\t<section class=\"elementor-section elementor-top-section elementor-element elementor-element-e341c5b elementor-section-height-min-height elementor-section-boxed elementor-section-height-default elementor-section-items-middle\" data-id=\"e341c5b\" data-element_type=\"section\" data-settings=\"{&quot;background_background&quot;:&quot;classic&quot;}\">\n\t\t\t\t\t\t<div class=\"elementor-container elementor-column-gap-no\">\n\t\t\t\t\t<div class=\"elementor-column elementor-col-100 elementor-top-column elementor-element elementor-element-a7bdd02\" data-id=\"a7bdd02\" data-element_type=\"column\">\n\t\t\t<div class=\"elementor-widget-wrap elementor-element-populated\">\n\t\t\t\t\t\t<div class=\"elementor-element elementor-element-d0c5612 elementor-widget elementor-widget-heading\" data-id=\"d0c5612\" data-element_type=\"widget\" data-widget_type=\"heading.default\">\n\t\t\t\t<div class=\"elementor-widget-container\">\n\t\t\t\t\t<h2 class=\"elementor-heading-title elementor-size-default\">Fachadas<br><p style=\"font-size: 15px; font-style: normal; font-weight: 400; color: rgb(122, 122, 122); font-family: Roboto, sans-serif; white-space: normal;\">(2019)<\/p><\/h2>\t\t\t\t<\/div>\n\t\t\t\t<\/div>\n\t\t\t\t\t<\/div>\n\t\t<\/div>\n\t\t\t\t\t<\/div>\n\t\t<\/section>\n\t\t\t\t<section class=\"elementor-section elementor-top-section elementor-element elementor-element-3c42ef5 elementor-section-boxed elementor-section-height-default elementor-section-height-default\" data-id=\"3c42ef5\" data-element_type=\"section\">\n\t\t\t\t\t\t<div class=\"elementor-container elementor-column-gap-default\">\n\t\t\t\t\t<div class=\"elementor-column elementor-col-100 elementor-top-column elementor-element elementor-element-bfac5cf\" data-id=\"bfac5cf\" data-element_type=\"column\">\n\t\t\t<div class=\"elementor-widget-wrap elementor-element-populated\">\n\t\t\t\t\t\t<div class=\"elementor-element elementor-element-6b61b28 elementor-widget elementor-widget-text-editor\" data-id=\"6b61b28\" data-element_type=\"widget\" data-widget_type=\"text-editor.default\">\n\t\t\t\t<div class=\"elementor-widget-container\">\n\t\t\t\t\t\t\t\t\t<p data-start=\"268\" data-end=\"563\"><strong data-start=\"268\" data-end=\"280\">Fachadas<\/strong> nace de la observaci\u00f3n de la estructura urbana del centro de Cali. Me interesa la fachada no solo como construcci\u00f3n funcional, sino como superficie donde se acumulan tr\u00e1nsito humano, din\u00e1micas sociales y marcas del tiempo. Es una piel expuesta, fr\u00e1gil y en constante transformaci\u00f3n.<\/p><p data-start=\"565\" data-end=\"935\">La materialidad es central en esta serie. Trabajo con \u00f3leo sobre soportes hechos a partir de capas de cemento blanco y estuco aplicadas sobre liencillo, una tela ligera que, al igual que los cuerpos que recorren la ciudad, carga el peso de lo que se erosiona. La elecci\u00f3n de estos materiales tensiona solidez y fragilidad, y responde a mi experiencia del espacio urbano.<\/p><p data-start=\"937\" data-end=\"1203\">M\u00e1s que representar fachadas, me interesa registrar sus huellas. Cada grieta, cada relieve o superposici\u00f3n de materia se\u00f1ala una narrativa que no siempre es visible: lo que permanece, lo que resiste y lo que cambia bajo la presi\u00f3n constante del habitar y del olvido.<\/p>\t\t\t\t\t\t\t\t<\/div>\n\t\t\t\t<\/div>\n\t\t\t\t\t<\/div>\n\t\t<\/div>\n\t\t\t\t\t<\/div>\n\t\t<\/section>\n\t\t\t\t<section class=\"elementor-section elementor-top-section elementor-element elementor-element-6f5bb77 elementor-section-boxed elementor-section-height-default elementor-section-height-default\" data-id=\"6f5bb77\" data-element_type=\"section\">\n\t\t\t\t\t\t<div class=\"elementor-container elementor-column-gap-default\">\n\t\t\t\t\t<div class=\"elementor-column elementor-col-100 elementor-top-column elementor-element elementor-element-75cb82b\" data-id=\"75cb82b\" data-element_type=\"column\">\n\t\t\t<div class=\"elementor-widget-wrap elementor-element-populated\">\n\t\t\t\t\t\t<div class=\"elementor-element elementor-element-fddd4a3 gallery-spacing-custom elementor-widget elementor-widget-image-gallery\" data-id=\"fddd4a3\" data-element_type=\"widget\" data-widget_type=\"image-gallery.default\">\n\t\t\t\t<div class=\"elementor-widget-container\">\n\t\t\t\t\t\t\t<div class=\"elementor-image-gallery\">\n\t\t\t<div id='gallery-1' class='gallery galleryid-28 gallery-columns-3 gallery-size-medium'><figure class='gallery-item'>\n\t\t\t<div class='gallery-icon landscape'>\n\t\t\t\t<a data-elementor-open-lightbox=\"yes\" data-elementor-lightbox-slideshow=\"fddd4a3\" data-elementor-lightbox-title=\"04 detalle O\u0301LEO SOBRE CEMENTO, 60 X 70 CM\" data-e-action-hash=\"#elementor-action%3Aaction%3Dlightbox%26settings%3DeyJpZCI6MTQ2LCJ1cmwiOiJodHRwczpcL1wvcGFvbGFydWEuY29tXC93cC1jb250ZW50XC91cGxvYWRzXC8yMDIyXC8xMlwvMDQtZGV0YWxsZS1PTEVPLVNPQlJFLUNFTUVOVE8tNjAtWC03MC1DTS5qcGciLCJzbGlkZXNob3ciOiJmZGRkNGEzIn0%3D\" href='https:\/\/paolarua.com\/wp-content\/uploads\/2022\/12\/04-detalle-OLEO-SOBRE-CEMENTO-60-X-70-CM.jpg'><img fetchpriority=\"high\" decoding=\"async\" width=\"300\" height=\"199\" src=\"https:\/\/paolarua.com\/wp-content\/uploads\/2022\/12\/04-detalle-OLEO-SOBRE-CEMENTO-60-X-70-CM-300x199.jpg\" class=\"attachment-medium size-medium\" alt=\"\" srcset=\"https:\/\/paolarua.com\/wp-content\/uploads\/2022\/12\/04-detalle-OLEO-SOBRE-CEMENTO-60-X-70-CM-300x199.jpg 300w, https:\/\/paolarua.com\/wp-content\/uploads\/2022\/12\/04-detalle-OLEO-SOBRE-CEMENTO-60-X-70-CM-1024x679.jpg 1024w, https:\/\/paolarua.com\/wp-content\/uploads\/2022\/12\/04-detalle-OLEO-SOBRE-CEMENTO-60-X-70-CM-768x509.jpg 768w, https:\/\/paolarua.com\/wp-content\/uploads\/2022\/12\/04-detalle-OLEO-SOBRE-CEMENTO-60-X-70-CM.jpg 1476w\" sizes=\"(max-width: 300px) 100vw, 300px\" \/><\/a>\n\t\t\t<\/div><\/figure><figure class='gallery-item'>\n\t\t\t<div class='gallery-icon landscape'>\n\t\t\t\t<a data-elementor-open-lightbox=\"yes\" data-elementor-lightbox-slideshow=\"fddd4a3\" data-elementor-lightbox-title=\"09 detalle O\u0301LEO SOBRE CEMENTO, 60 X 70 CM\" data-e-action-hash=\"#elementor-action%3Aaction%3Dlightbox%26settings%3DeyJpZCI6MTU0LCJ1cmwiOiJodHRwczpcL1wvcGFvbGFydWEuY29tXC93cC1jb250ZW50XC91cGxvYWRzXC8yMDIyXC8xMlwvMDktZGV0YWxsZS1PTEVPLVNPQlJFLUNFTUVOVE8tNjAtWC03MC1DTS5qcGciLCJzbGlkZXNob3ciOiJmZGRkNGEzIn0%3D\" href='https:\/\/paolarua.com\/wp-content\/uploads\/2022\/12\/09-detalle-OLEO-SOBRE-CEMENTO-60-X-70-CM.jpg'><img decoding=\"async\" width=\"300\" height=\"199\" src=\"https:\/\/paolarua.com\/wp-content\/uploads\/2022\/12\/09-detalle-OLEO-SOBRE-CEMENTO-60-X-70-CM-300x199.jpg\" class=\"attachment-medium size-medium\" alt=\"\" srcset=\"https:\/\/paolarua.com\/wp-content\/uploads\/2022\/12\/09-detalle-OLEO-SOBRE-CEMENTO-60-X-70-CM-300x199.jpg 300w, https:\/\/paolarua.com\/wp-content\/uploads\/2022\/12\/09-detalle-OLEO-SOBRE-CEMENTO-60-X-70-CM-1024x679.jpg 1024w, https:\/\/paolarua.com\/wp-content\/uploads\/2022\/12\/09-detalle-OLEO-SOBRE-CEMENTO-60-X-70-CM-768x509.jpg 768w, https:\/\/paolarua.com\/wp-content\/uploads\/2022\/12\/09-detalle-OLEO-SOBRE-CEMENTO-60-X-70-CM.jpg 1299w\" sizes=\"(max-width: 300px) 100vw, 300px\" \/><\/a>\n\t\t\t<\/div><\/figure><figure class='gallery-item'>\n\t\t\t<div class='gallery-icon landscape'>\n\t\t\t\t<a data-elementor-open-lightbox=\"yes\" data-elementor-lightbox-slideshow=\"fddd4a3\" data-elementor-lightbox-title=\"02 DETALLE O\u0301LEO SOBRE CEMENTO, 60 X 70 CM\" data-e-action-hash=\"#elementor-action%3Aaction%3Dlightbox%26settings%3DeyJpZCI6MTQyLCJ1cmwiOiJodHRwczpcL1wvcGFvbGFydWEuY29tXC93cC1jb250ZW50XC91cGxvYWRzXC8yMDIyXC8xMlwvMDItREVUQUxMRS1PTEVPLVNPQlJFLUNFTUVOVE8tNjAtWC03MC1DTS5qcGciLCJzbGlkZXNob3ciOiJmZGRkNGEzIn0%3D\" href='https:\/\/paolarua.com\/wp-content\/uploads\/2022\/12\/02-DETALLE-OLEO-SOBRE-CEMENTO-60-X-70-CM.jpg'><img decoding=\"async\" width=\"300\" height=\"199\" src=\"https:\/\/paolarua.com\/wp-content\/uploads\/2022\/12\/02-DETALLE-OLEO-SOBRE-CEMENTO-60-X-70-CM-300x199.jpg\" class=\"attachment-medium size-medium\" alt=\"\" srcset=\"https:\/\/paolarua.com\/wp-content\/uploads\/2022\/12\/02-DETALLE-OLEO-SOBRE-CEMENTO-60-X-70-CM-300x199.jpg 300w, https:\/\/paolarua.com\/wp-content\/uploads\/2022\/12\/02-DETALLE-OLEO-SOBRE-CEMENTO-60-X-70-CM-1024x679.jpg 1024w, https:\/\/paolarua.com\/wp-content\/uploads\/2022\/12\/02-DETALLE-OLEO-SOBRE-CEMENTO-60-X-70-CM-768x509.jpg 768w, https:\/\/paolarua.com\/wp-content\/uploads\/2022\/12\/02-DETALLE-OLEO-SOBRE-CEMENTO-60-X-70-CM.jpg 1299w\" sizes=\"(max-width: 300px) 100vw, 300px\" \/><\/a>\n\t\t\t<\/div><\/figure><figure class='gallery-item'>\n\t\t\t<div class='gallery-icon landscape'>\n\t\t\t\t<a data-elementor-open-lightbox=\"yes\" data-elementor-lightbox-slideshow=\"fddd4a3\" data-elementor-lightbox-title=\"03 DETALLE O\u0301LEO SOBRE CEMENTO, 60 X 70 CM\" data-e-action-hash=\"#elementor-action%3Aaction%3Dlightbox%26settings%3DeyJpZCI6MTQ0LCJ1cmwiOiJodHRwczpcL1wvcGFvbGFydWEuY29tXC93cC1jb250ZW50XC91cGxvYWRzXC8yMDIyXC8xMlwvMDMtREVUQUxMRS1PTEVPLVNPQlJFLUNFTUVOVE8tNjAtWC03MC1DTS5qcGciLCJzbGlkZXNob3ciOiJmZGRkNGEzIn0%3D\" href='https:\/\/paolarua.com\/wp-content\/uploads\/2022\/12\/03-DETALLE-OLEO-SOBRE-CEMENTO-60-X-70-CM.jpg'><img loading=\"lazy\" decoding=\"async\" width=\"300\" height=\"199\" src=\"https:\/\/paolarua.com\/wp-content\/uploads\/2022\/12\/03-DETALLE-OLEO-SOBRE-CEMENTO-60-X-70-CM-300x199.jpg\" class=\"attachment-medium size-medium\" alt=\"\" srcset=\"https:\/\/paolarua.com\/wp-content\/uploads\/2022\/12\/03-DETALLE-OLEO-SOBRE-CEMENTO-60-X-70-CM-300x199.jpg 300w, https:\/\/paolarua.com\/wp-content\/uploads\/2022\/12\/03-DETALLE-OLEO-SOBRE-CEMENTO-60-X-70-CM-1024x679.jpg 1024w, https:\/\/paolarua.com\/wp-content\/uploads\/2022\/12\/03-DETALLE-OLEO-SOBRE-CEMENTO-60-X-70-CM-768x509.jpg 768w, https:\/\/paolarua.com\/wp-content\/uploads\/2022\/12\/03-DETALLE-OLEO-SOBRE-CEMENTO-60-X-70-CM.jpg 1299w\" sizes=\"(max-width: 300px) 100vw, 300px\" \/><\/a>\n\t\t\t<\/div><\/figure><figure class='gallery-item'>\n\t\t\t<div class='gallery-icon landscape'>\n\t\t\t\t<a data-elementor-open-lightbox=\"yes\" data-elementor-lightbox-slideshow=\"fddd4a3\" data-elementor-lightbox-title=\"05 detalle O\u0301LEO SOBRE CEMENTO, 60 X 70 CM\" data-e-action-hash=\"#elementor-action%3Aaction%3Dlightbox%26settings%3DeyJpZCI6MTQ4LCJ1cmwiOiJodHRwczpcL1wvcGFvbGFydWEuY29tXC93cC1jb250ZW50XC91cGxvYWRzXC8yMDIyXC8xMlwvMDUtZGV0YWxsZS1PTEVPLVNPQlJFLUNFTUVOVE8tNjAtWC03MC1DTS5qcGciLCJzbGlkZXNob3ciOiJmZGRkNGEzIn0%3D\" href='https:\/\/paolarua.com\/wp-content\/uploads\/2022\/12\/05-detalle-OLEO-SOBRE-CEMENTO-60-X-70-CM.jpg'><img loading=\"lazy\" decoding=\"async\" width=\"300\" height=\"199\" src=\"https:\/\/paolarua.com\/wp-content\/uploads\/2022\/12\/05-detalle-OLEO-SOBRE-CEMENTO-60-X-70-CM-300x199.jpg\" class=\"attachment-medium size-medium\" alt=\"\" srcset=\"https:\/\/paolarua.com\/wp-content\/uploads\/2022\/12\/05-detalle-OLEO-SOBRE-CEMENTO-60-X-70-CM-300x199.jpg 300w, https:\/\/paolarua.com\/wp-content\/uploads\/2022\/12\/05-detalle-OLEO-SOBRE-CEMENTO-60-X-70-CM-1024x679.jpg 1024w, https:\/\/paolarua.com\/wp-content\/uploads\/2022\/12\/05-detalle-OLEO-SOBRE-CEMENTO-60-X-70-CM-768x509.jpg 768w, https:\/\/paolarua.com\/wp-content\/uploads\/2022\/12\/05-detalle-OLEO-SOBRE-CEMENTO-60-X-70-CM.jpg 1476w\" sizes=\"(max-width: 300px) 100vw, 300px\" \/><\/a>\n\t\t\t<\/div><\/figure><figure class='gallery-item'>\n\t\t\t<div class='gallery-icon landscape'>\n\t\t\t\t<a data-elementor-open-lightbox=\"yes\" data-elementor-lightbox-slideshow=\"fddd4a3\" data-elementor-lightbox-title=\"06 detalle O\u0301LEO SOBRE CEMENTO, 60 X 70 CM\" data-e-action-hash=\"#elementor-action%3Aaction%3Dlightbox%26settings%3DeyJpZCI6MTUwLCJ1cmwiOiJodHRwczpcL1wvcGFvbGFydWEuY29tXC93cC1jb250ZW50XC91cGxvYWRzXC8yMDIyXC8xMlwvMDYtZGV0YWxsZS1PTEVPLVNPQlJFLUNFTUVOVE8tNjAtWC03MC1DTS5qcGciLCJzbGlkZXNob3ciOiJmZGRkNGEzIn0%3D\" href='https:\/\/paolarua.com\/wp-content\/uploads\/2022\/12\/06-detalle-OLEO-SOBRE-CEMENTO-60-X-70-CM.jpg'><img loading=\"lazy\" decoding=\"async\" width=\"300\" height=\"199\" src=\"https:\/\/paolarua.com\/wp-content\/uploads\/2022\/12\/06-detalle-OLEO-SOBRE-CEMENTO-60-X-70-CM-300x199.jpg\" class=\"attachment-medium size-medium\" alt=\"\" srcset=\"https:\/\/paolarua.com\/wp-content\/uploads\/2022\/12\/06-detalle-OLEO-SOBRE-CEMENTO-60-X-70-CM-300x199.jpg 300w, https:\/\/paolarua.com\/wp-content\/uploads\/2022\/12\/06-detalle-OLEO-SOBRE-CEMENTO-60-X-70-CM-1024x679.jpg 1024w, https:\/\/paolarua.com\/wp-content\/uploads\/2022\/12\/06-detalle-OLEO-SOBRE-CEMENTO-60-X-70-CM-768x509.jpg 768w, https:\/\/paolarua.com\/wp-content\/uploads\/2022\/12\/06-detalle-OLEO-SOBRE-CEMENTO-60-X-70-CM.jpg 1299w\" sizes=\"(max-width: 300px) 100vw, 300px\" \/><\/a>\n\t\t\t<\/div><\/figure><figure class='gallery-item'>\n\t\t\t<div class='gallery-icon landscape'>\n\t\t\t\t<a data-elementor-open-lightbox=\"yes\" data-elementor-lightbox-slideshow=\"fddd4a3\" data-elementor-lightbox-title=\"07 O\u0301LEO SOBRE CEMENTO, 60 X 70 CM\" data-e-action-hash=\"#elementor-action%3Aaction%3Dlightbox%26settings%3DeyJpZCI6MTUyLCJ1cmwiOiJodHRwczpcL1wvcGFvbGFydWEuY29tXC93cC1jb250ZW50XC91cGxvYWRzXC8yMDIyXC8xMlwvMDctT0xFTy1TT0JSRS1DRU1FTlRPLTYwLVgtNzAtQ00uanBnIiwic2xpZGVzaG93IjoiZmRkZDRhMyJ9\" href='https:\/\/paolarua.com\/wp-content\/uploads\/2022\/12\/07-OLEO-SOBRE-CEMENTO-60-X-70-CM.jpg'><img loading=\"lazy\" decoding=\"async\" width=\"300\" height=\"208\" src=\"https:\/\/paolarua.com\/wp-content\/uploads\/2022\/12\/07-OLEO-SOBRE-CEMENTO-60-X-70-CM-300x208.jpg\" class=\"attachment-medium size-medium\" alt=\"\" srcset=\"https:\/\/paolarua.com\/wp-content\/uploads\/2022\/12\/07-OLEO-SOBRE-CEMENTO-60-X-70-CM-300x208.jpg 300w, https:\/\/paolarua.com\/wp-content\/uploads\/2022\/12\/07-OLEO-SOBRE-CEMENTO-60-X-70-CM-1024x710.jpg 1024w, https:\/\/paolarua.com\/wp-content\/uploads\/2022\/12\/07-OLEO-SOBRE-CEMENTO-60-X-70-CM-768x532.jpg 768w, https:\/\/paolarua.com\/wp-content\/uploads\/2022\/12\/07-OLEO-SOBRE-CEMENTO-60-X-70-CM.jpg 1137w\" sizes=\"(max-width: 300px) 100vw, 300px\" \/><\/a>\n\t\t\t<\/div><\/figure><figure class='gallery-item'>\n\t\t\t<div class='gallery-icon landscape'>\n\t\t\t\t<a data-elementor-open-lightbox=\"yes\" data-elementor-lightbox-slideshow=\"fddd4a3\" data-elementor-lightbox-title=\"08 detalle O\u0301LEO SOBRE CEMENTO, 60 X 70 CM\" data-e-action-hash=\"#elementor-action%3Aaction%3Dlightbox%26settings%3DeyJpZCI6MTUzLCJ1cmwiOiJodHRwczpcL1wvcGFvbGFydWEuY29tXC93cC1jb250ZW50XC91cGxvYWRzXC8yMDIyXC8xMlwvMDgtZGV0YWxsZS1PTEVPLVNPQlJFLUNFTUVOVE8tNjAtWC03MC1DTS5qcGciLCJzbGlkZXNob3ciOiJmZGRkNGEzIn0%3D\" href='https:\/\/paolarua.com\/wp-content\/uploads\/2022\/12\/08-detalle-OLEO-SOBRE-CEMENTO-60-X-70-CM.jpg'><img loading=\"lazy\" decoding=\"async\" width=\"300\" height=\"199\" src=\"https:\/\/paolarua.com\/wp-content\/uploads\/2022\/12\/08-detalle-OLEO-SOBRE-CEMENTO-60-X-70-CM-300x199.jpg\" class=\"attachment-medium size-medium\" alt=\"\" srcset=\"https:\/\/paolarua.com\/wp-content\/uploads\/2022\/12\/08-detalle-OLEO-SOBRE-CEMENTO-60-X-70-CM-300x199.jpg 300w, https:\/\/paolarua.com\/wp-content\/uploads\/2022\/12\/08-detalle-OLEO-SOBRE-CEMENTO-60-X-70-CM-1024x679.jpg 1024w, https:\/\/paolarua.com\/wp-content\/uploads\/2022\/12\/08-detalle-OLEO-SOBRE-CEMENTO-60-X-70-CM-768x509.jpg 768w, https:\/\/paolarua.com\/wp-content\/uploads\/2022\/12\/08-detalle-OLEO-SOBRE-CEMENTO-60-X-70-CM.jpg 1299w\" sizes=\"(max-width: 300px) 100vw, 300px\" \/><\/a>\n\t\t\t<\/div><\/figure><figure class='gallery-item'>\n\t\t\t<div class='gallery-icon landscape'>\n\t\t\t\t<a data-elementor-open-lightbox=\"yes\" data-elementor-lightbox-slideshow=\"fddd4a3\" data-elementor-lightbox-title=\"08 detalle O\u0301LEO SOBRE CEMENTO, 60 X 70 CM\" data-e-action-hash=\"#elementor-action%3Aaction%3Dlightbox%26settings%3DeyJpZCI6NjE1LCJ1cmwiOiJodHRwczpcL1wvcGFvbGFydWEuY29tXC93cC1jb250ZW50XC91cGxvYWRzXC8yMDI0XC8xMFwvMS4xLnBuZyIsInNsaWRlc2hvdyI6ImZkZGQ0YTMifQ%3D%3D\" href='https:\/\/paolarua.com\/wp-content\/uploads\/2024\/10\/1.1.png'><img loading=\"lazy\" decoding=\"async\" width=\"300\" height=\"300\" src=\"https:\/\/paolarua.com\/wp-content\/uploads\/2024\/10\/1.1-300x300.png\" class=\"attachment-medium size-medium\" alt=\"\" srcset=\"https:\/\/paolarua.com\/wp-content\/uploads\/2024\/10\/1.1-300x300.png 300w, https:\/\/paolarua.com\/wp-content\/uploads\/2024\/10\/1.1-1024x1024.png 1024w, https:\/\/paolarua.com\/wp-content\/uploads\/2024\/10\/1.1-150x150.png 150w, https:\/\/paolarua.com\/wp-content\/uploads\/2024\/10\/1.1-768x768.png 768w, https:\/\/paolarua.com\/wp-content\/uploads\/2024\/10\/1.1-1536x1536.png 1536w, https:\/\/paolarua.com\/wp-content\/uploads\/2024\/10\/1.1-2048x2048.png 2048w\" sizes=\"(max-width: 300px) 100vw, 300px\" \/><\/a>\n\t\t\t<\/div><\/figure><figure class='gallery-item'>\n\t\t\t<div class='gallery-icon landscape'>\n\t\t\t\t<a data-elementor-open-lightbox=\"yes\" data-elementor-lightbox-slideshow=\"fddd4a3\" data-elementor-lightbox-title=\"08 detalle O\u0301LEO SOBRE CEMENTO, 60 X 70 CM\" data-e-action-hash=\"#elementor-action%3Aaction%3Dlightbox%26settings%3DeyJpZCI6NjE3LCJ1cmwiOiJodHRwczpcL1wvcGFvbGFydWEuY29tXC93cC1jb250ZW50XC91cGxvYWRzXC8yMDI0XC8xMFwvNC5wbmciLCJzbGlkZXNob3ciOiJmZGRkNGEzIn0%3D\" href='https:\/\/paolarua.com\/wp-content\/uploads\/2024\/10\/4.png'><img loading=\"lazy\" decoding=\"async\" width=\"300\" height=\"300\" src=\"https:\/\/paolarua.com\/wp-content\/uploads\/2024\/10\/4-300x300.png\" class=\"attachment-medium size-medium\" alt=\"\" srcset=\"https:\/\/paolarua.com\/wp-content\/uploads\/2024\/10\/4-300x300.png 300w, https:\/\/paolarua.com\/wp-content\/uploads\/2024\/10\/4-1024x1024.png 1024w, https:\/\/paolarua.com\/wp-content\/uploads\/2024\/10\/4-150x150.png 150w, https:\/\/paolarua.com\/wp-content\/uploads\/2024\/10\/4-768x768.png 768w, https:\/\/paolarua.com\/wp-content\/uploads\/2024\/10\/4-1536x1536.png 1536w, https:\/\/paolarua.com\/wp-content\/uploads\/2024\/10\/4-2048x2048.png 2048w\" sizes=\"(max-width: 300px) 100vw, 300px\" \/><\/a>\n\t\t\t<\/div><\/figure><figure class='gallery-item'>\n\t\t\t<div class='gallery-icon landscape'>\n\t\t\t\t<a data-elementor-open-lightbox=\"yes\" data-elementor-lightbox-slideshow=\"fddd4a3\" data-elementor-lightbox-title=\"3\" data-e-action-hash=\"#elementor-action%3Aaction%3Dlightbox%26settings%3DeyJpZCI6NjE4LCJ1cmwiOiJodHRwczpcL1wvcGFvbGFydWEuY29tXC93cC1jb250ZW50XC91cGxvYWRzXC8yMDI0XC8xMFwvMy5wbmciLCJzbGlkZXNob3ciOiJmZGRkNGEzIn0%3D\" href='https:\/\/paolarua.com\/wp-content\/uploads\/2024\/10\/3.png'><img loading=\"lazy\" decoding=\"async\" width=\"300\" height=\"300\" src=\"https:\/\/paolarua.com\/wp-content\/uploads\/2024\/10\/3-300x300.png\" class=\"attachment-medium size-medium\" alt=\"\" srcset=\"https:\/\/paolarua.com\/wp-content\/uploads\/2024\/10\/3-300x300.png 300w, https:\/\/paolarua.com\/wp-content\/uploads\/2024\/10\/3-1024x1024.png 1024w, https:\/\/paolarua.com\/wp-content\/uploads\/2024\/10\/3-150x150.png 150w, https:\/\/paolarua.com\/wp-content\/uploads\/2024\/10\/3-768x768.png 768w, https:\/\/paolarua.com\/wp-content\/uploads\/2024\/10\/3-1536x1536.png 1536w, https:\/\/paolarua.com\/wp-content\/uploads\/2024\/10\/3-2048x2048.png 2048w\" sizes=\"(max-width: 300px) 100vw, 300px\" \/><\/a>\n\t\t\t<\/div><\/figure><figure class='gallery-item'>\n\t\t\t<div class='gallery-icon landscape'>\n\t\t\t\t<a data-elementor-open-lightbox=\"yes\" data-elementor-lightbox-slideshow=\"fddd4a3\" data-elementor-lightbox-title=\"5\" data-e-action-hash=\"#elementor-action%3Aaction%3Dlightbox%26settings%3DeyJpZCI6NjE2LCJ1cmwiOiJodHRwczpcL1wvcGFvbGFydWEuY29tXC93cC1jb250ZW50XC91cGxvYWRzXC8yMDI0XC8xMFwvNS5wbmciLCJzbGlkZXNob3ciOiJmZGRkNGEzIn0%3D\" href='https:\/\/paolarua.com\/wp-content\/uploads\/2024\/10\/5.png'><img loading=\"lazy\" decoding=\"async\" width=\"300\" height=\"300\" src=\"https:\/\/paolarua.com\/wp-content\/uploads\/2024\/10\/5-300x300.png\" class=\"attachment-medium size-medium\" alt=\"\" srcset=\"https:\/\/paolarua.com\/wp-content\/uploads\/2024\/10\/5-300x300.png 300w, https:\/\/paolarua.com\/wp-content\/uploads\/2024\/10\/5-1024x1024.png 1024w, https:\/\/paolarua.com\/wp-content\/uploads\/2024\/10\/5-150x150.png 150w, https:\/\/paolarua.com\/wp-content\/uploads\/2024\/10\/5-768x768.png 768w, https:\/\/paolarua.com\/wp-content\/uploads\/2024\/10\/5-1536x1536.png 1536w, https:\/\/paolarua.com\/wp-content\/uploads\/2024\/10\/5-2048x2048.png 2048w\" sizes=\"(max-width: 300px) 100vw, 300px\" \/><\/a>\n\t\t\t<\/div><\/figure>\n\t\t<\/div>\n\t\t<\/div>\n\t\t\t\t\t\t<\/div>\n\t\t\t\t<\/div>\n\t\t\t\t\t<\/div>\n\t\t<\/div>\n\t\t\t\t\t<\/div>\n\t\t<\/section>\n\t\t\t\t<section class=\"elementor-section elementor-top-section elementor-element elementor-element-fef9958 elementor-section-boxed elementor-section-height-default elementor-section-height-default\" data-id=\"fef9958\" data-element_type=\"section\">\n\t\t\t\t\t\t<div class=\"elementor-container elementor-column-gap-default\">\n\t\t\t\t\t<div class=\"elementor-column elementor-col-100 elementor-top-column elementor-element elementor-element-1c9467d\" data-id=\"1c9467d\" data-element_type=\"column\">\n\t\t\t<div class=\"elementor-widget-wrap elementor-element-populated\">\n\t\t\t\t\t\t<div class=\"elementor-element elementor-element-afeb3e9 elementor-align-center elementor-widget elementor-widget-button\" data-id=\"afeb3e9\" data-element_type=\"widget\" data-widget_type=\"button.default\">\n\t\t\t\t<div class=\"elementor-widget-container\">\n\t\t\t\t\t\t\t\t\t<div class=\"elementor-button-wrapper\">\n\t\t\t\t\t<a class=\"elementor-button elementor-button-link elementor-size-sm\" href=\"https:\/\/paolarua.com\/index.php\/portafolio\/\">\n\t\t\t\t\t\t<span class=\"elementor-button-content-wrapper\">\n\t\t\t\t\t\t\t\t\t<span class=\"elementor-button-text\">Regresar a portafolio<\/span>\n\t\t\t\t\t<\/span>\n\t\t\t\t\t<\/a>\n\t\t\t\t<\/div>\n\t\t\t\t\t\t\t\t<\/div>\n\t\t\t\t<\/div>\n\t\t\t\t\t<\/div>\n\t\t<\/div>\n\t\t\t\t\t<\/div>\n\t\t<\/section>\n\t\t\t\t<\/div>\n\t\t","protected":false},"excerpt":{"rendered":"<p>Fachadas (2019) Fachadas nace de la observaci\u00f3n de la estructura urbana del centro de Cali. Me interesa la fachada no solo como construcci\u00f3n funcional, sino como superficie donde se acumulan tr\u00e1nsito humano, din\u00e1micas sociales y marcas del tiempo. Es una piel expuesta, fr\u00e1gil y en constante transformaci\u00f3n. La materialidad es central en esta serie. Trabajo [&hellip;]<\/p>\n","protected":false},"author":2,"featured_media":0,"parent":0,"menu_order":0,"comment_status":"closed","ping_status":"closed","template":"","meta":{"om_disable_all_campaigns":false,"_monsterinsights_skip_tracking":false,"_monsterinsights_sitenote_active":false,"_monsterinsights_sitenote_note":"","_monsterinsights_sitenote_category":0,"site-sidebar-layout":"no-sidebar","site-content-layout":"page-builder","ast-site-content-layout":"","site-content-style":"default","site-sidebar-style":"default","ast-global-header-display":"","ast-banner-title-visibility":"","ast-main-header-display":"","ast-hfb-above-header-display":"","ast-hfb-below-header-display":"","ast-hfb-mobile-header-display":"","site-post-title":"disabled","ast-breadcrumbs-content":"","ast-featured-img":"disabled","footer-sml-layout":"","theme-transparent-header-meta":"","adv-header-id-meta":"","stick-header-meta":"","header-above-stick-meta":"","header-main-stick-meta":"","header-below-stick-meta":"","astra-migrate-meta-layouts":"default","ast-page-background-enabled":"default","ast-page-background-meta":{"desktop":{"background-color":"var(--ast-global-color-4)","background-image":"","background-repeat":"repeat","background-position":"center center","background-size":"auto","background-attachment":"scroll","background-type":"","background-media":"","overlay-type":"","overlay-color":"","overlay-opacity":"","overlay-gradient":""},"tablet":{"background-color":"","background-image":"","background-repeat":"repeat","background-position":"center center","background-size":"auto","background-attachment":"scroll","background-type":"","background-media":"","overlay-type":"","overlay-color":"","overlay-opacity":"","overlay-gradient":""},"mobile":{"background-color":"","background-image":"","background-repeat":"repeat","background-position":"center center","background-size":"auto","background-attachment":"scroll","background-type":"","background-media":"","overlay-type":"","overlay-color":"","overlay-opacity":"","overlay-gradient":""}},"ast-content-background-meta":{"desktop":{"background-color":"var(--ast-global-color-5)","background-image":"","background-repeat":"repeat","background-position":"center center","background-size":"auto","background-attachment":"scroll","background-type":"","background-media":"","overlay-type":"","overlay-color":"","overlay-opacity":"","overlay-gradient":""},"tablet":{"background-color":"var(--ast-global-color-5)","background-image":"","background-repeat":"repeat","background-position":"center center","background-size":"auto","background-attachment":"scroll","background-type":"","background-media":"","overlay-type":"","overlay-color":"","overlay-opacity":"","overlay-gradient":""},"mobile":{"background-color":"var(--ast-global-color-5)","background-image":"","background-repeat":"repeat","background-position":"center center","background-size":"auto","background-attachment":"scroll","background-type":"","background-media":"","overlay-type":"","overlay-color":"","overlay-opacity":"","overlay-gradient":""}},"footnotes":""},"class_list":["post-28","page","type-page","status-publish","hentry"],"aioseo_notices":[],"_links":{"self":[{"href":"https:\/\/paolarua.com\/index.php\/wp-json\/wp\/v2\/pages\/28","targetHints":{"allow":["GET"]}}],"collection":[{"href":"https:\/\/paolarua.com\/index.php\/wp-json\/wp\/v2\/pages"}],"about":[{"href":"https:\/\/paolarua.com\/index.php\/wp-json\/wp\/v2\/types\/page"}],"author":[{"embeddable":true,"href":"https:\/\/paolarua.com\/index.php\/wp-json\/wp\/v2\/users\/2"}],"replies":[{"embeddable":true,"href":"https:\/\/paolarua.com\/index.php\/wp-json\/wp\/v2\/comments?post=28"}],"version-history":[{"count":43,"href":"https:\/\/paolarua.com\/index.php\/wp-json\/wp\/v2\/pages\/28\/revisions"}],"predecessor-version":[{"id":1863,"href":"https:\/\/paolarua.com\/index.php\/wp-json\/wp\/v2\/pages\/28\/revisions\/1863"}],"wp:attachment":[{"href":"https:\/\/paolarua.com\/index.php\/wp-json\/wp\/v2\/media?parent=28"}],"curies":[{"name":"wp","href":"https:\/\/api.w.org\/{rel}","templated":true}]}}