{"id":324,"date":"2023-07-17T15:14:47","date_gmt":"2023-07-17T15:14:47","guid":{"rendered":"https:\/\/paolarua.com\/?page_id=324"},"modified":"2026-02-23T14:27:42","modified_gmt":"2026-02-23T14:27:42","slug":"afuera","status":"publish","type":"page","link":"https:\/\/paolarua.com\/index.php\/afuera\/","title":{"rendered":"Afuera"},"content":{"rendered":"\t\t<div data-elementor-type=\"wp-page\" data-elementor-id=\"324\" class=\"elementor elementor-324\">\n\t\t\t\t\t\t<section class=\"elementor-section elementor-top-section elementor-element elementor-element-04b030b elementor-section-height-min-height elementor-section-boxed elementor-section-height-default elementor-section-items-middle\" data-id=\"04b030b\" data-element_type=\"section\" data-settings=\"{&quot;background_background&quot;:&quot;classic&quot;}\">\n\t\t\t\t\t\t<div class=\"elementor-container elementor-column-gap-default\">\n\t\t\t\t\t<div class=\"elementor-column elementor-col-100 elementor-top-column elementor-element elementor-element-7bc519e\" data-id=\"7bc519e\" data-element_type=\"column\">\n\t\t\t<div class=\"elementor-widget-wrap elementor-element-populated\">\n\t\t\t\t\t\t<div class=\"elementor-element elementor-element-6e52cf8 elementor-widget__width-initial elementor-widget elementor-widget-heading\" data-id=\"6e52cf8\" data-element_type=\"widget\" data-widget_type=\"heading.default\">\n\t\t\t\t<div class=\"elementor-widget-container\">\n\t\t\t\t\t<h2 class=\"elementor-heading-title elementor-size-default\">Afuera<\/h2>\t\t\t\t<\/div>\n\t\t\t\t<\/div>\n\t\t\t\t<div class=\"elementor-element elementor-element-daf6c54 elementor-align-left elementor-widget elementor-widget-button\" data-id=\"daf6c54\" data-element_type=\"widget\" data-widget_type=\"button.default\">\n\t\t\t\t<div class=\"elementor-widget-container\">\n\t\t\t\t\t\t\t\t\t<div class=\"elementor-button-wrapper\">\n\t\t\t\t\t<a class=\"elementor-button elementor-button-link elementor-size-sm\" href=\"https:\/\/paolarua.com\/index.php\/erase-una-vez-bajo-techo-proyecto\/\">\n\t\t\t\t\t\t<span class=\"elementor-button-content-wrapper\">\n\t\t\t\t\t\t\t\t\t<span class=\"elementor-button-text\">Procesos<\/span>\n\t\t\t\t\t<\/span>\n\t\t\t\t\t<\/a>\n\t\t\t\t<\/div>\n\t\t\t\t\t\t\t\t<\/div>\n\t\t\t\t<\/div>\n\t\t\t\t\t<\/div>\n\t\t<\/div>\n\t\t\t\t\t<\/div>\n\t\t<\/section>\n\t\t\t\t<section class=\"elementor-section elementor-top-section elementor-element elementor-element-e725a0f elementor-section-boxed elementor-section-height-default elementor-section-height-default\" data-id=\"e725a0f\" data-element_type=\"section\">\n\t\t\t\t\t\t<div class=\"elementor-container elementor-column-gap-default\">\n\t\t\t\t\t<div class=\"elementor-column elementor-col-100 elementor-top-column elementor-element elementor-element-6dda669\" data-id=\"6dda669\" data-element_type=\"column\">\n\t\t\t<div class=\"elementor-widget-wrap elementor-element-populated\">\n\t\t\t\t\t\t<div class=\"elementor-element elementor-element-4aaba0b elementor-widget elementor-widget-text-editor\" data-id=\"4aaba0b\" data-element_type=\"widget\" data-widget_type=\"text-editor.default\">\n\t\t\t\t<div class=\"elementor-widget-container\">\n\t\t\t\t\t\t\t\t\t<p data-start=\"1988\" data-end=\"2137\"><em data-start=\"1988\" data-end=\"1996\">Afuera<\/em> desplaza el azul hacia la arquitectura y el paisaje. El color cubre fachadas, objetos p\u00fablicos y privados, construyendo una atm\u00f3sfera com\u00fan.<\/p><p data-start=\"2139\" data-end=\"2227\">Es tambi\u00e9n el lugar del cambio, donde el barrio se transforma, se reconstruye y resiste.<\/p><p data-start=\"421\" data-end=\"653\">\u00a0<\/p><p data-start=\"2229\" data-end=\"2368\">La serie se sostiene en la observaci\u00f3n prolongada y en el caminar como m\u00e9todo. Pintar fue una forma de registrar una atm\u00f3sfera en tr\u00e1nsito.<\/p>\t\t\t\t\t\t\t\t<\/div>\n\t\t\t\t<\/div>\n\t\t\t\t\t<\/div>\n\t\t<\/div>\n\t\t\t\t\t<\/div>\n\t\t<\/section>\n\t\t\t\t<section class=\"elementor-section elementor-top-section elementor-element elementor-element-2c0467b elementor-section-content-space-evenly elementor-section-boxed elementor-section-height-default elementor-section-height-default\" data-id=\"2c0467b\" data-element_type=\"section\">\n\t\t\t\t\t\t<div class=\"elementor-container elementor-column-gap-wide\">\n\t\t\t\t\t<div class=\"elementor-column elementor-col-100 elementor-top-column elementor-element elementor-element-de0412c\" data-id=\"de0412c\" data-element_type=\"column\">\n\t\t\t<div class=\"elementor-widget-wrap elementor-element-populated\">\n\t\t\t\t\t\t<div class=\"elementor-element elementor-element-3d298f2 gallery-spacing-custom elementor-widget__width-inherit elementor-widget elementor-widget-image-gallery\" data-id=\"3d298f2\" data-element_type=\"widget\" data-widget_type=\"image-gallery.default\">\n\t\t\t\t<div class=\"elementor-widget-container\">\n\t\t\t\t\t\t\t<div class=\"elementor-image-gallery\">\n\t\t\t<div id='gallery-1' class='gallery galleryid-324 gallery-columns-3 gallery-size-medium'><figure class='gallery-item'>\n\t\t\t<div class='gallery-icon portrait'>\n\t\t\t\t<a data-elementor-open-lightbox=\"yes\" data-elementor-lightbox-slideshow=\"3d298f2\" data-elementor-lightbox-title=\"SIN T\u00cdTULO - OLEO SOBRE LIENZO- 40 X 40 CM\" data-e-action-hash=\"#elementor-action%3Aaction%3Dlightbox%26settings%3DeyJpZCI6MzUxLCJ1cmwiOiJodHRwczpcL1wvcGFvbGFydWEuY29tXC93cC1jb250ZW50XC91cGxvYWRzXC8yMDIzXC8wN1wvU0lOLVRJVFVMTy1PTEVPLVNPQlJFLUxJRU5aTy00MC1YLTQwLUNNLmpwZyIsInNsaWRlc2hvdyI6IjNkMjk4ZjIifQ%3D%3D\" href='https:\/\/paolarua.com\/wp-content\/uploads\/2023\/07\/SIN-TITULO-OLEO-SOBRE-LIENZO-40-X-40-CM.jpg'><img fetchpriority=\"high\" decoding=\"async\" width=\"290\" height=\"300\" src=\"https:\/\/paolarua.com\/wp-content\/uploads\/2023\/07\/SIN-TITULO-OLEO-SOBRE-LIENZO-40-X-40-CM-290x300.jpg\" class=\"attachment-medium size-medium\" alt=\"\" srcset=\"https:\/\/paolarua.com\/wp-content\/uploads\/2023\/07\/SIN-TITULO-OLEO-SOBRE-LIENZO-40-X-40-CM-290x300.jpg 290w, https:\/\/paolarua.com\/wp-content\/uploads\/2023\/07\/SIN-TITULO-OLEO-SOBRE-LIENZO-40-X-40-CM-988x1024.jpg 988w, https:\/\/paolarua.com\/wp-content\/uploads\/2023\/07\/SIN-TITULO-OLEO-SOBRE-LIENZO-40-X-40-CM-768x796.jpg 768w, https:\/\/paolarua.com\/wp-content\/uploads\/2023\/07\/SIN-TITULO-OLEO-SOBRE-LIENZO-40-X-40-CM-1482x1536.jpg 1482w, https:\/\/paolarua.com\/wp-content\/uploads\/2023\/07\/SIN-TITULO-OLEO-SOBRE-LIENZO-40-X-40-CM-1976x2048.jpg 1976w\" sizes=\"(max-width: 290px) 100vw, 290px\" \/><\/a>\n\t\t\t<\/div><\/figure><figure class='gallery-item'>\n\t\t\t<div class='gallery-icon portrait'>\n\t\t\t\t<a data-elementor-open-lightbox=\"yes\" data-elementor-lightbox-slideshow=\"3d298f2\" data-elementor-lightbox-title=\"Perro en el atardecer. \u00d3leo sobre lienzo 160 X 160 CM 2022\" data-e-action-hash=\"#elementor-action%3Aaction%3Dlightbox%26settings%3DeyJpZCI6MzU3LCJ1cmwiOiJodHRwczpcL1wvcGFvbGFydWEuY29tXC93cC1jb250ZW50XC91cGxvYWRzXC8yMDIzXC8wN1wvQVRBUkRFQ0VSLUFNQVJJTExPLU9MRU8tU09CUkUtTElFTlpPLTE2MC1YLTE2MC1DTS4ucG5nIiwic2xpZGVzaG93IjoiM2QyOThmMiJ9\" href='https:\/\/paolarua.com\/wp-content\/uploads\/2023\/07\/ATARDECER-AMARILLO-OLEO-SOBRE-LIENZO-160-X-160-CM..png'><img decoding=\"async\" width=\"295\" height=\"300\" src=\"https:\/\/paolarua.com\/wp-content\/uploads\/2023\/07\/ATARDECER-AMARILLO-OLEO-SOBRE-LIENZO-160-X-160-CM.-295x300.png\" class=\"attachment-medium size-medium\" alt=\"\" srcset=\"https:\/\/paolarua.com\/wp-content\/uploads\/2023\/07\/ATARDECER-AMARILLO-OLEO-SOBRE-LIENZO-160-X-160-CM.-295x300.png 295w, https:\/\/paolarua.com\/wp-content\/uploads\/2023\/07\/ATARDECER-AMARILLO-OLEO-SOBRE-LIENZO-160-X-160-CM.-1007x1024.png 1007w, https:\/\/paolarua.com\/wp-content\/uploads\/2023\/07\/ATARDECER-AMARILLO-OLEO-SOBRE-LIENZO-160-X-160-CM.-768x781.png 768w, https:\/\/paolarua.com\/wp-content\/uploads\/2023\/07\/ATARDECER-AMARILLO-OLEO-SOBRE-LIENZO-160-X-160-CM.-1510x1536.png 1510w, https:\/\/paolarua.com\/wp-content\/uploads\/2023\/07\/ATARDECER-AMARILLO-OLEO-SOBRE-LIENZO-160-X-160-CM.-2014x2048.png 2014w\" sizes=\"(max-width: 295px) 100vw, 295px\" \/><\/a>\n\t\t\t<\/div><\/figure><figure class='gallery-item'>\n\t\t\t<div class='gallery-icon landscape'>\n\t\t\t\t<a data-elementor-open-lightbox=\"yes\" data-elementor-lightbox-slideshow=\"3d298f2\" data-elementor-lightbox-title=\"ACONTECIMIENTO. \u00d3leo sobre lienzo. 166cm X 178 cm\" data-e-action-hash=\"#elementor-action%3Aaction%3Dlightbox%26settings%3DeyJpZCI6NTg5LCJ1cmwiOiJodHRwczpcL1wvcGFvbGFydWEuY29tXC93cC1jb250ZW50XC91cGxvYWRzXC8yMDI0XC8xMFwvMi1zY2FsZWQuanBnIiwic2xpZGVzaG93IjoiM2QyOThmMiJ9\" href='https:\/\/paolarua.com\/wp-content\/uploads\/2024\/10\/2-scaled.jpg'><img decoding=\"async\" width=\"300\" height=\"300\" src=\"https:\/\/paolarua.com\/wp-content\/uploads\/2024\/10\/2-300x300.jpg\" class=\"attachment-medium size-medium\" alt=\"\" srcset=\"https:\/\/paolarua.com\/wp-content\/uploads\/2024\/10\/2-300x300.jpg 300w, https:\/\/paolarua.com\/wp-content\/uploads\/2024\/10\/2-1024x1024.jpg 1024w, https:\/\/paolarua.com\/wp-content\/uploads\/2024\/10\/2-150x150.jpg 150w, https:\/\/paolarua.com\/wp-content\/uploads\/2024\/10\/2-768x768.jpg 768w, https:\/\/paolarua.com\/wp-content\/uploads\/2024\/10\/2-1536x1536.jpg 1536w, https:\/\/paolarua.com\/wp-content\/uploads\/2024\/10\/2-2048x2048.jpg 2048w\" sizes=\"(max-width: 300px) 100vw, 300px\" \/><\/a>\n\t\t\t<\/div><\/figure><figure class='gallery-item'>\n\t\t\t<div class='gallery-icon landscape'>\n\t\t\t\t<a data-elementor-open-lightbox=\"yes\" data-elementor-lightbox-slideshow=\"3d298f2\" data-elementor-lightbox-title=\"DESPU\u00c9S DE LA JORNADA. \u00d3LEO SOBRE LIENZO - 96.5 X 178 CM\" data-e-action-hash=\"#elementor-action%3Aaction%3Dlightbox%26settings%3DeyJpZCI6MzU2LCJ1cmwiOiJodHRwczpcL1wvcGFvbGFydWEuY29tXC93cC1jb250ZW50XC91cGxvYWRzXC8yMDIzXC8wN1wvVFJFUy1IT01CUkVTLUNPTlZFUlNBTkRPLU9MRU8tU09CUkUtTElFTlpPLTk2LjUtWC0xNzgtQ00tMS1zY2FsZWQuanBnIiwic2xpZGVzaG93IjoiM2QyOThmMiJ9\" href='https:\/\/paolarua.com\/wp-content\/uploads\/2023\/07\/TRES-HOMBRES-CONVERSANDO-OLEO-SOBRE-LIENZO-96.5-X-178-CM-1-scaled.jpg'><img loading=\"lazy\" decoding=\"async\" width=\"300\" height=\"118\" src=\"https:\/\/paolarua.com\/wp-content\/uploads\/2023\/07\/TRES-HOMBRES-CONVERSANDO-OLEO-SOBRE-LIENZO-96.5-X-178-CM-1-300x118.jpg\" class=\"attachment-medium size-medium\" alt=\"\" srcset=\"https:\/\/paolarua.com\/wp-content\/uploads\/2023\/07\/TRES-HOMBRES-CONVERSANDO-OLEO-SOBRE-LIENZO-96.5-X-178-CM-1-300x118.jpg 300w, https:\/\/paolarua.com\/wp-content\/uploads\/2023\/07\/TRES-HOMBRES-CONVERSANDO-OLEO-SOBRE-LIENZO-96.5-X-178-CM-1-1024x402.jpg 1024w, https:\/\/paolarua.com\/wp-content\/uploads\/2023\/07\/TRES-HOMBRES-CONVERSANDO-OLEO-SOBRE-LIENZO-96.5-X-178-CM-1-768x302.jpg 768w, https:\/\/paolarua.com\/wp-content\/uploads\/2023\/07\/TRES-HOMBRES-CONVERSANDO-OLEO-SOBRE-LIENZO-96.5-X-178-CM-1-1536x603.jpg 1536w, https:\/\/paolarua.com\/wp-content\/uploads\/2023\/07\/TRES-HOMBRES-CONVERSANDO-OLEO-SOBRE-LIENZO-96.5-X-178-CM-1-2048x804.jpg 2048w\" sizes=\"(max-width: 300px) 100vw, 300px\" \/><\/a>\n\t\t\t<\/div><\/figure><figure class='gallery-item'>\n\t\t\t<div class='gallery-icon portrait'>\n\t\t\t\t<a data-elementor-open-lightbox=\"yes\" data-elementor-lightbox-slideshow=\"3d298f2\" data-elementor-lightbox-title=\"C\u00f3mo es que era el mandado? 120 X 84 CM 2022\" data-e-action-hash=\"#elementor-action%3Aaction%3Dlightbox%26settings%3DeyJpZCI6NTI0LCJ1cmwiOiJodHRwczpcL1wvcGFvbGFydWEuY29tXC93cC1jb250ZW50XC91cGxvYWRzXC8yMDI0XC8xMFwvNS1zY2FsZWQuanBnIiwic2xpZGVzaG93IjoiM2QyOThmMiJ9\" href='https:\/\/paolarua.com\/wp-content\/uploads\/2024\/10\/5-scaled.jpg'><img loading=\"lazy\" decoding=\"async\" width=\"132\" height=\"300\" src=\"https:\/\/paolarua.com\/wp-content\/uploads\/2024\/10\/5-132x300.jpg\" class=\"attachment-medium size-medium\" alt=\"\" srcset=\"https:\/\/paolarua.com\/wp-content\/uploads\/2024\/10\/5-132x300.jpg 132w, https:\/\/paolarua.com\/wp-content\/uploads\/2024\/10\/5-450x1024.jpg 450w, https:\/\/paolarua.com\/wp-content\/uploads\/2024\/10\/5-768x1746.jpg 768w, https:\/\/paolarua.com\/wp-content\/uploads\/2024\/10\/5-675x1536.jpg 675w, https:\/\/paolarua.com\/wp-content\/uploads\/2024\/10\/5-901x2048.jpg 901w, https:\/\/paolarua.com\/wp-content\/uploads\/2024\/10\/5-scaled.jpg 1126w\" sizes=\"(max-width: 132px) 100vw, 132px\" \/><\/a>\n\t\t\t<\/div><\/figure><figure class='gallery-item'>\n\t\t\t<div class='gallery-icon landscape'>\n\t\t\t\t<a data-elementor-open-lightbox=\"yes\" data-elementor-lightbox-slideshow=\"3d298f2\" data-elementor-lightbox-title=\"Retrato\/ \u00d3leo sobre lienzo\/ 40X40 cm 2022,\" data-e-action-hash=\"#elementor-action%3Aaction%3Dlightbox%26settings%3DeyJpZCI6NDYxLCJ1cmwiOiJodHRwczpcL1wvcGFvbGFydWEuY29tXC93cC1jb250ZW50XC91cGxvYWRzXC8yMDIzXC8wN1wvUHJvY2Vzby1NYW51ZWxpdGEtY29waWEtMy1zY2FsZWQuanBnIiwic2xpZGVzaG93IjoiM2QyOThmMiJ9\" href='https:\/\/paolarua.com\/wp-content\/uploads\/2023\/07\/Proceso-Manuelita-copia-3-scaled.jpg'><img loading=\"lazy\" decoding=\"async\" width=\"300\" height=\"295\" src=\"https:\/\/paolarua.com\/wp-content\/uploads\/2023\/07\/Proceso-Manuelita-copia-3-300x295.jpg\" class=\"attachment-medium size-medium\" alt=\"\" srcset=\"https:\/\/paolarua.com\/wp-content\/uploads\/2023\/07\/Proceso-Manuelita-copia-3-300x295.jpg 300w, https:\/\/paolarua.com\/wp-content\/uploads\/2023\/07\/Proceso-Manuelita-copia-3-1024x1006.jpg 1024w, https:\/\/paolarua.com\/wp-content\/uploads\/2023\/07\/Proceso-Manuelita-copia-3-768x755.jpg 768w, https:\/\/paolarua.com\/wp-content\/uploads\/2023\/07\/Proceso-Manuelita-copia-3-1536x1510.jpg 1536w, https:\/\/paolarua.com\/wp-content\/uploads\/2023\/07\/Proceso-Manuelita-copia-3-2048x2013.jpg 2048w\" sizes=\"(max-width: 300px) 100vw, 300px\" \/><\/a>\n\t\t\t<\/div><\/figure><figure class='gallery-item'>\n\t\t\t<div class='gallery-icon portrait'>\n\t\t\t\t<a data-elementor-open-lightbox=\"yes\" data-elementor-lightbox-slideshow=\"3d298f2\" data-elementor-lightbox-title=\"la ni\u00f1a morada\" data-e-action-hash=\"#elementor-action%3Aaction%3Dlightbox%26settings%3DeyJpZCI6NjIyLCJ1cmwiOiJodHRwczpcL1wvcGFvbGFydWEuY29tXC93cC1jb250ZW50XC91cGxvYWRzXC8yMDI0XC8xMFwvbGEtbmluYS1tb3JhZGEtc2NhbGVkLmpwZyIsInNsaWRlc2hvdyI6IjNkMjk4ZjIifQ%3D%3D\" href='https:\/\/paolarua.com\/wp-content\/uploads\/2024\/10\/la-nina-morada-scaled.jpg'><img loading=\"lazy\" decoding=\"async\" width=\"209\" height=\"300\" src=\"https:\/\/paolarua.com\/wp-content\/uploads\/2024\/10\/la-nina-morada-209x300.jpg\" class=\"attachment-medium size-medium\" alt=\"\" srcset=\"https:\/\/paolarua.com\/wp-content\/uploads\/2024\/10\/la-nina-morada-209x300.jpg 209w, https:\/\/paolarua.com\/wp-content\/uploads\/2024\/10\/la-nina-morada-713x1024.jpg 713w, https:\/\/paolarua.com\/wp-content\/uploads\/2024\/10\/la-nina-morada-768x1103.jpg 768w, https:\/\/paolarua.com\/wp-content\/uploads\/2024\/10\/la-nina-morada-1069x1536.jpg 1069w, https:\/\/paolarua.com\/wp-content\/uploads\/2024\/10\/la-nina-morada-1426x2048.jpg 1426w, https:\/\/paolarua.com\/wp-content\/uploads\/2024\/10\/la-nina-morada-scaled.jpg 1782w\" sizes=\"(max-width: 209px) 100vw, 209px\" \/><\/a>\n\t\t\t<\/div><\/figure><figure class='gallery-item'>\n\t\t\t<div class='gallery-icon landscape'>\n\t\t\t\t<a data-elementor-open-lightbox=\"yes\" data-elementor-lightbox-slideshow=\"3d298f2\" data-elementor-lightbox-title=\"Tito (El curioso)\/ \u00d3leo sobre lienzo\/ 60 X 60 cm, 2022\" data-e-action-hash=\"#elementor-action%3Aaction%3Dlightbox%26settings%3DeyJpZCI6MTc1LCJ1cmwiOiJodHRwczpcL1wvcGFvbGFydWEuY29tXC93cC1jb250ZW50XC91cGxvYWRzXC8yMDIyXC8xMlwvRFNDXzcxNjEtMy1zY2FsZWQuanBnIiwic2xpZGVzaG93IjoiM2QyOThmMiJ9\" href='https:\/\/paolarua.com\/wp-content\/uploads\/2022\/12\/DSC_7161-3-scaled.jpg'><img loading=\"lazy\" decoding=\"async\" width=\"300\" height=\"262\" src=\"https:\/\/paolarua.com\/wp-content\/uploads\/2022\/12\/DSC_7161-3-300x262.jpg\" class=\"attachment-medium size-medium\" alt=\"\" srcset=\"https:\/\/paolarua.com\/wp-content\/uploads\/2022\/12\/DSC_7161-3-300x262.jpg 300w, https:\/\/paolarua.com\/wp-content\/uploads\/2022\/12\/DSC_7161-3-1024x893.jpg 1024w, https:\/\/paolarua.com\/wp-content\/uploads\/2022\/12\/DSC_7161-3-768x670.jpg 768w, https:\/\/paolarua.com\/wp-content\/uploads\/2022\/12\/DSC_7161-3-1536x1340.jpg 1536w, https:\/\/paolarua.com\/wp-content\/uploads\/2022\/12\/DSC_7161-3-2048x1786.jpg 2048w\" sizes=\"(max-width: 300px) 100vw, 300px\" \/><\/a>\n\t\t\t<\/div><\/figure><figure class='gallery-item'>\n\t\t\t<div class='gallery-icon landscape'>\n\t\t\t\t<a data-elementor-open-lightbox=\"yes\" data-elementor-lightbox-slideshow=\"3d298f2\" data-elementor-lightbox-title=\"Otra vez Tito por aqu\u00ed. \u00d3leo sobre lienzo\/  20 X 20 cm. 2022\" data-e-action-hash=\"#elementor-action%3Aaction%3Dlightbox%26settings%3DeyJpZCI6NjIxLCJ1cmwiOiJodHRwczpcL1wvcGFvbGFydWEuY29tXC93cC1jb250ZW50XC91cGxvYWRzXC8yMDI0XC8xMFwvcmV0cmF0by1yZXBldGlkby1wZXJvLXBlcXVlbm8uanBnIiwic2xpZGVzaG93IjoiM2QyOThmMiJ9\" href='https:\/\/paolarua.com\/wp-content\/uploads\/2024\/10\/retrato-repetido-pero-pequeno.jpg'><img loading=\"lazy\" decoding=\"async\" width=\"300\" height=\"292\" src=\"https:\/\/paolarua.com\/wp-content\/uploads\/2024\/10\/retrato-repetido-pero-pequeno-300x292.jpg\" class=\"attachment-medium size-medium\" alt=\"\" srcset=\"https:\/\/paolarua.com\/wp-content\/uploads\/2024\/10\/retrato-repetido-pero-pequeno-300x292.jpg 300w, https:\/\/paolarua.com\/wp-content\/uploads\/2024\/10\/retrato-repetido-pero-pequeno-1024x997.jpg 1024w, https:\/\/paolarua.com\/wp-content\/uploads\/2024\/10\/retrato-repetido-pero-pequeno-768x747.jpg 768w, https:\/\/paolarua.com\/wp-content\/uploads\/2024\/10\/retrato-repetido-pero-pequeno-1536x1495.jpg 1536w, https:\/\/paolarua.com\/wp-content\/uploads\/2024\/10\/retrato-repetido-pero-pequeno-2048x1993.jpg 2048w\" sizes=\"(max-width: 300px) 100vw, 300px\" \/><\/a>\n\t\t\t<\/div><\/figure>\n\t\t<\/div>\n\t\t<\/div>\n\t\t\t\t\t\t<\/div>\n\t\t\t\t<\/div>\n\t\t\t\t\t<\/div>\n\t\t<\/div>\n\t\t\t\t\t<\/div>\n\t\t<\/section>\n\t\t\t\t<section class=\"elementor-section elementor-top-section elementor-element elementor-element-0d1ce8b elementor-section-boxed elementor-section-height-default elementor-section-height-default\" data-id=\"0d1ce8b\" data-element_type=\"section\">\n\t\t\t\t\t\t<div class=\"elementor-container elementor-column-gap-default\">\n\t\t\t\t\t<div class=\"elementor-column elementor-col-100 elementor-top-column elementor-element elementor-element-6112aef\" data-id=\"6112aef\" data-element_type=\"column\">\n\t\t\t<div class=\"elementor-widget-wrap elementor-element-populated\">\n\t\t\t\t\t\t<div class=\"elementor-element elementor-element-9f5a06d elementor-align-center elementor-widget elementor-widget-button\" data-id=\"9f5a06d\" data-element_type=\"widget\" data-widget_type=\"button.default\">\n\t\t\t\t<div class=\"elementor-widget-container\">\n\t\t\t\t\t\t\t\t\t<div class=\"elementor-button-wrapper\">\n\t\t\t\t\t<a class=\"elementor-button elementor-button-link elementor-size-sm\" href=\"https:\/\/paolarua.com\/index.php\/techo\/\">\n\t\t\t\t\t\t<span class=\"elementor-button-content-wrapper\">\n\t\t\t\t\t\t\t\t\t<span class=\"elementor-button-text\">Ir atr\u00e1s<\/span>\n\t\t\t\t\t<\/span>\n\t\t\t\t\t<\/a>\n\t\t\t\t<\/div>\n\t\t\t\t\t\t\t\t<\/div>\n\t\t\t\t<\/div>\n\t\t\t\t\t<\/div>\n\t\t<\/div>\n\t\t\t\t\t<\/div>\n\t\t<\/section>\n\t\t\t\t<section class=\"elementor-section elementor-top-section elementor-element elementor-element-f5fdc30 elementor-section-boxed elementor-section-height-default elementor-section-height-default\" data-id=\"f5fdc30\" data-element_type=\"section\">\n\t\t\t\t\t\t<div class=\"elementor-container elementor-column-gap-default\">\n\t\t\t\t\t<div class=\"elementor-column elementor-col-100 elementor-top-column elementor-element elementor-element-6c44607\" data-id=\"6c44607\" data-element_type=\"column\">\n\t\t\t<div class=\"elementor-widget-wrap elementor-element-populated\">\n\t\t\t\t\t\t<div class=\"elementor-element elementor-element-7ef7910 elementor-align-left elementor-widget elementor-widget-button\" data-id=\"7ef7910\" data-element_type=\"widget\" data-widget_type=\"button.default\">\n\t\t\t\t<div class=\"elementor-widget-container\">\n\t\t\t\t\t\t\t\t\t<div class=\"elementor-button-wrapper\">\n\t\t\t\t\t<a class=\"elementor-button elementor-button-link elementor-size-sm\" href=\"https:\/\/paolarua.com\/index.php\/erase-una-vez-bajo-techo-proyecto\/\">\n\t\t\t\t\t\t<span class=\"elementor-button-content-wrapper\">\n\t\t\t\t\t\t\t\t\t<span class=\"elementor-button-text\">Procesos<\/span>\n\t\t\t\t\t<\/span>\n\t\t\t\t\t<\/a>\n\t\t\t\t<\/div>\n\t\t\t\t\t\t\t\t<\/div>\n\t\t\t\t<\/div>\n\t\t\t\t\t<\/div>\n\t\t<\/div>\n\t\t\t\t\t<\/div>\n\t\t<\/section>\n\t\t\t\t<\/div>\n\t\t","protected":false},"excerpt":{"rendered":"<p>Afuera Procesos Afuera desplaza el azul hacia la arquitectura y el paisaje. El color cubre fachadas, objetos p\u00fablicos y privados, construyendo una atm\u00f3sfera com\u00fan. Es tambi\u00e9n el lugar del cambio, donde el barrio se transforma, se reconstruye y resiste. \u00a0 La serie se sostiene en la observaci\u00f3n prolongada y en el caminar como m\u00e9todo. Pintar [&hellip;]<\/p>\n","protected":false},"author":2,"featured_media":0,"parent":0,"menu_order":0,"comment_status":"closed","ping_status":"closed","template":"","meta":{"om_disable_all_campaigns":false,"_monsterinsights_skip_tracking":false,"_monsterinsights_sitenote_active":false,"_monsterinsights_sitenote_note":"","_monsterinsights_sitenote_category":0,"site-sidebar-layout":"no-sidebar","site-content-layout":"page-builder","ast-site-content-layout":"","site-content-style":"default","site-sidebar-style":"default","ast-global-header-display":"","ast-banner-title-visibility":"","ast-main-header-display":"","ast-hfb-above-header-display":"","ast-hfb-below-header-display":"","ast-hfb-mobile-header-display":"","site-post-title":"disabled","ast-breadcrumbs-content":"","ast-featured-img":"disabled","footer-sml-layout":"","theme-transparent-header-meta":"","adv-header-id-meta":"","stick-header-meta":"","header-above-stick-meta":"","header-main-stick-meta":"","header-below-stick-meta":"","astra-migrate-meta-layouts":"default","ast-page-background-enabled":"default","ast-page-background-meta":{"desktop":{"background-color":"var(--ast-global-color-4)","background-image":"","background-repeat":"repeat","background-position":"center center","background-size":"auto","background-attachment":"scroll","background-type":"","background-media":"","overlay-type":"","overlay-color":"","overlay-opacity":"","overlay-gradient":""},"tablet":{"background-color":"","background-image":"","background-repeat":"repeat","background-position":"center center","background-size":"auto","background-attachment":"scroll","background-type":"","background-media":"","overlay-type":"","overlay-color":"","overlay-opacity":"","overlay-gradient":""},"mobile":{"background-color":"","background-image":"","background-repeat":"repeat","background-position":"center center","background-size":"auto","background-attachment":"scroll","background-type":"","background-media":"","overlay-type":"","overlay-color":"","overlay-opacity":"","overlay-gradient":""}},"ast-content-background-meta":{"desktop":{"background-color":"var(--ast-global-color-5)","background-image":"","background-repeat":"repeat","background-position":"center center","background-size":"auto","background-attachment":"scroll","background-type":"","background-media":"","overlay-type":"","overlay-color":"","overlay-opacity":"","overlay-gradient":""},"tablet":{"background-color":"var(--ast-global-color-5)","background-image":"","background-repeat":"repeat","background-position":"center center","background-size":"auto","background-attachment":"scroll","background-type":"","background-media":"","overlay-type":"","overlay-color":"","overlay-opacity":"","overlay-gradient":""},"mobile":{"background-color":"var(--ast-global-color-5)","background-image":"","background-repeat":"repeat","background-position":"center center","background-size":"auto","background-attachment":"scroll","background-type":"","background-media":"","overlay-type":"","overlay-color":"","overlay-opacity":"","overlay-gradient":""}},"footnotes":""},"class_list":["post-324","page","type-page","status-publish","hentry"],"aioseo_notices":[],"_links":{"self":[{"href":"https:\/\/paolarua.com\/index.php\/wp-json\/wp\/v2\/pages\/324","targetHints":{"allow":["GET"]}}],"collection":[{"href":"https:\/\/paolarua.com\/index.php\/wp-json\/wp\/v2\/pages"}],"about":[{"href":"https:\/\/paolarua.com\/index.php\/wp-json\/wp\/v2\/types\/page"}],"author":[{"embeddable":true,"href":"https:\/\/paolarua.com\/index.php\/wp-json\/wp\/v2\/users\/2"}],"replies":[{"embeddable":true,"href":"https:\/\/paolarua.com\/index.php\/wp-json\/wp\/v2\/comments?post=324"}],"version-history":[{"count":97,"href":"https:\/\/paolarua.com\/index.php\/wp-json\/wp\/v2\/pages\/324\/revisions"}],"predecessor-version":[{"id":2504,"href":"https:\/\/paolarua.com\/index.php\/wp-json\/wp\/v2\/pages\/324\/revisions\/2504"}],"wp:attachment":[{"href":"https:\/\/paolarua.com\/index.php\/wp-json\/wp\/v2\/media?parent=324"}],"curies":[{"name":"wp","href":"https:\/\/api.w.org\/{rel}","templated":true}]}}