{"id":951,"date":"2025-07-30T16:12:27","date_gmt":"2025-07-30T16:12:27","guid":{"rendered":"https:\/\/paolarua.com\/?page_id=951"},"modified":"2026-01-22T00:31:26","modified_gmt":"2026-01-22T00:31:26","slug":"que-es-erase-una-vez","status":"publish","type":"page","link":"https:\/\/paolarua.com\/index.php\/que-es-erase-una-vez\/","title":{"rendered":"Que es \u00c9rase una vez&#8230;"},"content":{"rendered":"\t\t<div data-elementor-type=\"wp-page\" data-elementor-id=\"951\" class=\"elementor elementor-951\">\n\t\t\t\t\t\t<section class=\"elementor-section elementor-top-section elementor-element elementor-element-bf3c729 elementor-section-height-min-height elementor-section-boxed elementor-section-height-default elementor-section-items-middle\" data-id=\"bf3c729\" data-element_type=\"section\" data-settings=\"{&quot;background_background&quot;:&quot;classic&quot;}\">\n\t\t\t\t\t\t<div class=\"elementor-container elementor-column-gap-default\">\n\t\t\t\t\t<div class=\"elementor-column elementor-col-100 elementor-top-column elementor-element elementor-element-9e25a22\" data-id=\"9e25a22\" data-element_type=\"column\">\n\t\t\t<div class=\"elementor-widget-wrap elementor-element-populated\">\n\t\t\t\t\t\t<div class=\"elementor-element elementor-element-23edc95 elementor-widget__width-initial elementor-widget-mobile__width-initial elementor-widget elementor-widget-heading\" data-id=\"23edc95\" data-element_type=\"widget\" data-widget_type=\"heading.default\">\n\t\t\t\t<div class=\"elementor-widget-container\">\n\t\t\t\t\t<h6 class=\"elementor-heading-title elementor-size-default\">\u00c9rase una vez <br>bajo techo<br><span style=\"color: rgb(255, 254, 254); font-size: 15px;\">(2017 - 2024)<\/span><span style=\"color: rgb(255, 254, 254); font-size: 15px;\"><\/span><\/h6>\t\t\t\t<\/div>\n\t\t\t\t<\/div>\n\t\t\t\t<div class=\"elementor-element elementor-element-fd0a408 elementor-widget elementor-widget-spacer\" data-id=\"fd0a408\" data-element_type=\"widget\" data-widget_type=\"spacer.default\">\n\t\t\t\t<div class=\"elementor-widget-container\">\n\t\t\t\t\t\t\t<div class=\"elementor-spacer\">\n\t\t\t<div class=\"elementor-spacer-inner\"><\/div>\n\t\t<\/div>\n\t\t\t\t\t\t<\/div>\n\t\t\t\t<\/div>\n\t\t\t\t\t<\/div>\n\t\t<\/div>\n\t\t\t\t\t<\/div>\n\t\t<\/section>\n\t\t\t\t<section class=\"elementor-section elementor-top-section elementor-element elementor-element-266e229 elementor-section-boxed elementor-section-height-default elementor-section-height-default\" data-id=\"266e229\" data-element_type=\"section\">\n\t\t\t\t\t\t<div class=\"elementor-container elementor-column-gap-default\">\n\t\t\t\t\t<div class=\"elementor-column elementor-col-100 elementor-top-column elementor-element elementor-element-0e8b009\" data-id=\"0e8b009\" data-element_type=\"column\">\n\t\t\t<div class=\"elementor-widget-wrap elementor-element-populated\">\n\t\t\t\t\t\t<div class=\"elementor-element elementor-element-0451666 elementor-widget__width-initial elementor-widget-mobile__width-initial elementor-widget elementor-widget-text-editor\" data-id=\"0451666\" data-element_type=\"widget\" data-widget_type=\"text-editor.default\">\n\t\t\t\t<div class=\"elementor-widget-container\">\n\t\t\t\t\t\t\t\t\t<p data-start=\"2501\" data-end=\"2923\">Techo Azul naci\u00f3 en un territorio del corregimiento de Amaime (Palmira), conocido como Barrio Azul. En los a\u00f1os noventa, muchas casas fueron levantadas con techos improvisados de pl\u00e1stico azul, reutilizado del sistema de riego del Ingenio Manuelita. Ese azul cubr\u00eda los hogares y tambi\u00e9n tocaba todo lo dem\u00e1s: te\u00f1\u00eda los cuerpos, los objetos y la luz. El color termin\u00f3 convirti\u00e9ndose en atm\u00f3sfera. En una manera de habitar.<\/p><p data-start=\"2925\" data-end=\"3320\">Llegu\u00e9 al territorio acompa\u00f1ando procesos comunitarios junto a la Fundaci\u00f3n Auxilius Deus. Entre caminatas, conversaciones y visitas constantes empec\u00e9 a registrar c\u00f3mo la luz se filtraba por esos techos y c\u00f3mo esa filtraci\u00f3n cambiaba la percepci\u00f3n del espacio. La pintura apareci\u00f3 como respuesta: una forma de observar, de escuchar, de dejarme tocar por el lugar y devolver algo desde la imagen.<\/p><p data-start=\"287\" data-end=\"689\">\n\n<\/p><p data-start=\"3322\" data-end=\"3770\">Entre 2017 y 2020 desarroll\u00e9 una investigaci\u00f3n que cruz\u00f3 cuerpo, pintura, fotograf\u00eda, cotidianidad y archivo visual. De ah\u00ed surgi\u00f3 <strong data-start=\"3453\" data-end=\"3481\">\u00c9rase una vez bajo techo<\/strong>, un proyecto que re\u00fane pintura, instalaci\u00f3n y fotograf\u00eda: un retrato fragmentado de un momento de transformaci\u00f3n territorial. Hoy muchos techos azules ya no existen, pero la memoria persiste en las im\u00e1genes, en lo que qued\u00f3 en la piel del barrio y en lo que todav\u00eda resuena cuando vuelvo.<\/p>\t\t\t\t\t\t\t\t<\/div>\n\t\t\t\t<\/div>\n\t\t\t\t\t<\/div>\n\t\t<\/div>\n\t\t\t\t\t<\/div>\n\t\t<\/section>\n\t\t\t\t<section class=\"elementor-section elementor-top-section elementor-element elementor-element-af7f89a elementor-section-boxed elementor-section-height-default elementor-section-height-default\" data-id=\"af7f89a\" data-element_type=\"section\">\n\t\t\t\t\t\t<div class=\"elementor-container elementor-column-gap-default\">\n\t\t\t\t\t<div class=\"elementor-column elementor-col-50 elementor-top-column elementor-element elementor-element-7d5f80d\" data-id=\"7d5f80d\" data-element_type=\"column\">\n\t\t\t<div class=\"elementor-widget-wrap elementor-element-populated\">\n\t\t\t\t\t\t<div class=\"elementor-element elementor-element-96ea548 elementor-widget elementor-widget-image\" data-id=\"96ea548\" data-element_type=\"widget\" data-widget_type=\"image.default\">\n\t\t\t\t<div class=\"elementor-widget-container\">\n\t\t\t\t\t\t\t\t\t\t\t\t\t\t\t\t<a href=\"https:\/\/paolarua.com\/index.php\/adentro\/\">\n\t\t\t\t\t\t\t<img fetchpriority=\"high\" decoding=\"async\" width=\"295\" height=\"300\" src=\"https:\/\/paolarua.com\/wp-content\/uploads\/2025\/12\/Contemplacion-295x300.jpg\" class=\"attachment-medium size-medium wp-image-1200\" alt=\"\" srcset=\"https:\/\/paolarua.com\/wp-content\/uploads\/2025\/12\/Contemplacion-295x300.jpg 295w, https:\/\/paolarua.com\/wp-content\/uploads\/2025\/12\/Contemplacion-1008x1024.jpg 1008w, https:\/\/paolarua.com\/wp-content\/uploads\/2025\/12\/Contemplacion-768x780.jpg 768w, https:\/\/paolarua.com\/wp-content\/uploads\/2025\/12\/Contemplacion-1512x1536.jpg 1512w, https:\/\/paolarua.com\/wp-content\/uploads\/2025\/12\/Contemplacion-2016x2048.jpg 2016w\" sizes=\"(max-width: 295px) 100vw, 295px\" \/>\t\t\t\t\t\t\t\t<\/a>\n\t\t\t\t\t\t\t\t\t\t\t\t\t\t\t<\/div>\n\t\t\t\t<\/div>\n\t\t\t\t<div class=\"elementor-element elementor-element-1b8b0eb elementor-align-center elementor-widget elementor-widget-button\" data-id=\"1b8b0eb\" data-element_type=\"widget\" data-widget_type=\"button.default\">\n\t\t\t\t<div class=\"elementor-widget-container\">\n\t\t\t\t\t\t\t\t\t<div class=\"elementor-button-wrapper\">\n\t\t\t\t\t<a class=\"elementor-button elementor-button-link elementor-size-sm\" href=\"https:\/\/paolarua.com\/index.php\/adentro\/\">\n\t\t\t\t\t\t<span class=\"elementor-button-content-wrapper\">\n\t\t\t\t\t\t\t\t\t<span class=\"elementor-button-text\">Adentro<\/span>\n\t\t\t\t\t<\/span>\n\t\t\t\t\t<\/a>\n\t\t\t\t<\/div>\n\t\t\t\t\t\t\t\t<\/div>\n\t\t\t\t<\/div>\n\t\t\t\t\t<\/div>\n\t\t<\/div>\n\t\t\t\t<div class=\"elementor-column elementor-col-50 elementor-top-column elementor-element elementor-element-d7d1c74\" data-id=\"d7d1c74\" data-element_type=\"column\">\n\t\t\t<div class=\"elementor-widget-wrap elementor-element-populated\">\n\t\t\t\t\t\t<div class=\"elementor-element elementor-element-cce7e3f elementor-widget elementor-widget-image\" data-id=\"cce7e3f\" data-element_type=\"widget\" data-widget_type=\"image.default\">\n\t\t\t\t<div class=\"elementor-widget-container\">\n\t\t\t\t\t\t\t\t\t\t\t\t\t\t\t\t<a href=\"https:\/\/paolarua.com\/index.php\/afuera\/\">\n\t\t\t\t\t\t\t<img decoding=\"async\" width=\"130\" height=\"300\" src=\"https:\/\/paolarua.com\/wp-content\/uploads\/2023\/07\/LA-NINA-DE-LA-CAMISA-VERDE-120-X-84-CM.-130x300.jpg\" class=\"attachment-medium size-medium wp-image-352\" alt=\"\" srcset=\"https:\/\/paolarua.com\/wp-content\/uploads\/2023\/07\/LA-NINA-DE-LA-CAMISA-VERDE-120-X-84-CM.-130x300.jpg 130w, https:\/\/paolarua.com\/wp-content\/uploads\/2023\/07\/LA-NINA-DE-LA-CAMISA-VERDE-120-X-84-CM.-445x1024.jpg 445w, https:\/\/paolarua.com\/wp-content\/uploads\/2023\/07\/LA-NINA-DE-LA-CAMISA-VERDE-120-X-84-CM.-768x1769.jpg 768w, https:\/\/paolarua.com\/wp-content\/uploads\/2023\/07\/LA-NINA-DE-LA-CAMISA-VERDE-120-X-84-CM.-667x1536.jpg 667w, https:\/\/paolarua.com\/wp-content\/uploads\/2023\/07\/LA-NINA-DE-LA-CAMISA-VERDE-120-X-84-CM.-889x2048.jpg 889w, https:\/\/paolarua.com\/wp-content\/uploads\/2023\/07\/LA-NINA-DE-LA-CAMISA-VERDE-120-X-84-CM.-scaled.jpg 1112w\" sizes=\"(max-width: 130px) 100vw, 130px\" \/>\t\t\t\t\t\t\t\t<\/a>\n\t\t\t\t\t\t\t\t\t\t\t\t\t\t\t<\/div>\n\t\t\t\t<\/div>\n\t\t\t\t<div class=\"elementor-element elementor-element-cadad25 elementor-align-center elementor-widget elementor-widget-button\" data-id=\"cadad25\" data-element_type=\"widget\" data-widget_type=\"button.default\">\n\t\t\t\t<div class=\"elementor-widget-container\">\n\t\t\t\t\t\t\t\t\t<div class=\"elementor-button-wrapper\">\n\t\t\t\t\t<a class=\"elementor-button elementor-button-link elementor-size-sm\" href=\"https:\/\/paolarua.com\/index.php\/afuera\/\">\n\t\t\t\t\t\t<span class=\"elementor-button-content-wrapper\">\n\t\t\t\t\t\t\t\t\t<span class=\"elementor-button-text\">Afuera<\/span>\n\t\t\t\t\t<\/span>\n\t\t\t\t\t<\/a>\n\t\t\t\t<\/div>\n\t\t\t\t\t\t\t\t<\/div>\n\t\t\t\t<\/div>\n\t\t\t\t\t<\/div>\n\t\t<\/div>\n\t\t\t\t\t<\/div>\n\t\t<\/section>\n\t\t\t\t<section class=\"elementor-section elementor-top-section elementor-element elementor-element-24307c0 elementor-section-boxed elementor-section-height-default elementor-section-height-default\" data-id=\"24307c0\" data-element_type=\"section\">\n\t\t\t\t\t\t<div class=\"elementor-container elementor-column-gap-default\">\n\t\t\t\t\t<div class=\"elementor-column elementor-col-100 elementor-top-column elementor-element elementor-element-8f2e3d9\" data-id=\"8f2e3d9\" data-element_type=\"column\">\n\t\t\t<div class=\"elementor-widget-wrap elementor-element-populated\">\n\t\t\t\t\t\t<div class=\"elementor-element elementor-element-c1c17f1 elementor-align-center elementor-widget elementor-widget-button\" data-id=\"c1c17f1\" data-element_type=\"widget\" data-widget_type=\"button.default\">\n\t\t\t\t<div class=\"elementor-widget-container\">\n\t\t\t\t\t\t\t\t\t<div class=\"elementor-button-wrapper\">\n\t\t\t\t\t<a class=\"elementor-button elementor-button-link elementor-size-sm\" href=\"https:\/\/paolarua.com\/index.php\/portafolio\/\">\n\t\t\t\t\t\t<span class=\"elementor-button-content-wrapper\">\n\t\t\t\t\t\t\t\t\t<span class=\"elementor-button-text\">Regresar a portafolio<\/span>\n\t\t\t\t\t<\/span>\n\t\t\t\t\t<\/a>\n\t\t\t\t<\/div>\n\t\t\t\t\t\t\t\t<\/div>\n\t\t\t\t<\/div>\n\t\t\t\t\t<\/div>\n\t\t<\/div>\n\t\t\t\t\t<\/div>\n\t\t<\/section>\n\t\t\t\t<\/div>\n\t\t","protected":false},"excerpt":{"rendered":"<p>\u00c9rase una vez bajo techo(2017 &#8211; 2024) Techo Azul naci\u00f3 en un territorio del corregimiento de Amaime (Palmira), conocido como Barrio Azul. En los a\u00f1os noventa, muchas casas fueron levantadas con techos improvisados de pl\u00e1stico azul, reutilizado del sistema de riego del Ingenio Manuelita. Ese azul cubr\u00eda los hogares y tambi\u00e9n tocaba todo lo dem\u00e1s: [&hellip;]<\/p>\n","protected":false},"author":2,"featured_media":0,"parent":0,"menu_order":0,"comment_status":"closed","ping_status":"closed","template":"","meta":{"om_disable_all_campaigns":false,"_monsterinsights_skip_tracking":false,"_monsterinsights_sitenote_active":false,"_monsterinsights_sitenote_note":"","_monsterinsights_sitenote_category":0,"site-sidebar-layout":"no-sidebar","site-content-layout":"page-builder","ast-site-content-layout":"full-width-container","site-content-style":"default","site-sidebar-style":"default","ast-global-header-display":"","ast-banner-title-visibility":"","ast-main-header-display":"","ast-hfb-above-header-display":"","ast-hfb-below-header-display":"","ast-hfb-mobile-header-display":"","site-post-title":"disabled","ast-breadcrumbs-content":"","ast-featured-img":"disabled","footer-sml-layout":"","theme-transparent-header-meta":"","adv-header-id-meta":"","stick-header-meta":"","header-above-stick-meta":"","header-main-stick-meta":"","header-below-stick-meta":"","astra-migrate-meta-layouts":"default","ast-page-background-enabled":"default","ast-page-background-meta":{"desktop":{"background-color":"var(--ast-global-color-4)","background-image":"","background-repeat":"repeat","background-position":"center center","background-size":"auto","background-attachment":"scroll","background-type":"","background-media":"","overlay-type":"","overlay-color":"","overlay-opacity":"","overlay-gradient":""},"tablet":{"background-color":"","background-image":"","background-repeat":"repeat","background-position":"center center","background-size":"auto","background-attachment":"scroll","background-type":"","background-media":"","overlay-type":"","overlay-color":"","overlay-opacity":"","overlay-gradient":""},"mobile":{"background-color":"","background-image":"","background-repeat":"repeat","background-position":"center center","background-size":"auto","background-attachment":"scroll","background-type":"","background-media":"","overlay-type":"","overlay-color":"","overlay-opacity":"","overlay-gradient":""}},"ast-content-background-meta":{"desktop":{"background-color":"var(--ast-global-color-5)","background-image":"","background-repeat":"repeat","background-position":"center center","background-size":"auto","background-attachment":"scroll","background-type":"","background-media":"","overlay-type":"","overlay-color":"","overlay-opacity":"","overlay-gradient":""},"tablet":{"background-color":"var(--ast-global-color-5)","background-image":"","background-repeat":"repeat","background-position":"center center","background-size":"auto","background-attachment":"scroll","background-type":"","background-media":"","overlay-type":"","overlay-color":"","overlay-opacity":"","overlay-gradient":""},"mobile":{"background-color":"var(--ast-global-color-5)","background-image":"","background-repeat":"repeat","background-position":"center center","background-size":"auto","background-attachment":"scroll","background-type":"","background-media":"","overlay-type":"","overlay-color":"","overlay-opacity":"","overlay-gradient":""}},"footnotes":""},"class_list":["post-951","page","type-page","status-publish","hentry"],"aioseo_notices":[],"_links":{"self":[{"href":"https:\/\/paolarua.com\/index.php\/wp-json\/wp\/v2\/pages\/951","targetHints":{"allow":["GET"]}}],"collection":[{"href":"https:\/\/paolarua.com\/index.php\/wp-json\/wp\/v2\/pages"}],"about":[{"href":"https:\/\/paolarua.com\/index.php\/wp-json\/wp\/v2\/types\/page"}],"author":[{"embeddable":true,"href":"https:\/\/paolarua.com\/index.php\/wp-json\/wp\/v2\/users\/2"}],"replies":[{"embeddable":true,"href":"https:\/\/paolarua.com\/index.php\/wp-json\/wp\/v2\/comments?post=951"}],"version-history":[{"count":79,"href":"https:\/\/paolarua.com\/index.php\/wp-json\/wp\/v2\/pages\/951\/revisions"}],"predecessor-version":[{"id":1959,"href":"https:\/\/paolarua.com\/index.php\/wp-json\/wp\/v2\/pages\/951\/revisions\/1959"}],"wp:attachment":[{"href":"https:\/\/paolarua.com\/index.php\/wp-json\/wp\/v2\/media?parent=951"}],"curies":[{"name":"wp","href":"https:\/\/api.w.org\/{rel}","templated":true}]}}